{"id":23,"date":"2013-02-14T03:54:26","date_gmt":"2013-02-14T08:54:26","guid":{"rendered":"http:\/\/dew.im\/clients\/heroes\/?page_id=23"},"modified":"2014-09-02T14:10:24","modified_gmt":"2014-09-02T18:10:24","slug":"honouring-those-who-served","status":"publish","type":"page","link":"https:\/\/www.heroesparkbeaconsfield.org\/en\/about-the-project\/honouring-those-who-served\/","title":{"rendered":"Honouring Those Who Served"},"content":{"rendered":"<p>The Heroes Committee is a non-profit and non-partisan community organization, formed by citizens engaged in promoting the erection of a Cenotaph to honour the memory of those who served and sacrificed in the service of the community and the nation in times of war and peace.<\/p>\n<p><img data-recalc-dims=\"1\" loading=\"lazy\" decoding=\"async\" src=\"https:\/\/i0.wp.com\/parcdesheros.org\/wp-content\/uploads\/2013\/06\/Urgence-pic-2-1024x682.jpg?resize=660%2C439\" alt=\"Urgence pic 2\" width=\"660\" height=\"439\" class=\"aligncenter size-large wp-image-359\" \/><\/p>\n<p><img data-recalc-dims=\"1\" loading=\"lazy\" decoding=\"async\" data-attachment-id=\"160\" data-permalink=\"https:\/\/www.heroesparkbeaconsfield.org\/en\/about-the-project\/honouring-those-who-served\/rimpac-2012\/\" data-orig-file=\"https:\/\/i0.wp.com\/www.heroesparkbeaconsfield.org\/en\/wp-content\/uploads\/2013\/06\/120722-M-VB788-092.jpg?fit=3600%2C2400&amp;ssl=1\" data-orig-size=\"3600,2400\" data-comments-opened=\"1\" data-image-meta=\"{&quot;aperture&quot;:&quot;8&quot;,&quot;credit&quot;:&quot;25 06:16:39&quot;,&quot;camera&quot;:&quot;sed)&quot;,&quot;caption&quot;:&quot;120722-M-VB788-092.\\nJuly 22, 2012\\nPOHAKULOA TRAINING AREA, Hawaii\\n\\nCanadian Army Warrant Officer Robby Fraser, a platoon warrant officer with Princess Patricia&#039;s Canadian Light Infantry, directs machine gun fire at a support by fire position during a platoon-size live-fire assault, July 22, as part of Rim of the Pacific 2012. \\n\\n1,400 Canadian sailors, soldiers, and airmen and airwomen participate in the Rim of the Pacific (RIMPAC) 2012 combined and joint exercise, taking place near the Hawaiian Islands from June 29 to August 3. Scheduled and coordinated by the U.S. Navy Third Fleet, RIMPAC also offers Canada the senior members of the Canadian Forces the opportunity to assume positions of leadership, further enhancing Canada\\u2019s ability to work with other nations of the Asia-Pacific region. RIMPAC 2012 involves forces from Australia, Canada, Chile, Colombia, France, India, Indonesia, Japan, Malaysia, Mexico, Netherlands, New Zealand, Norway, Peru, Philippines, Republic of Korea, Russia, Singapore, Thailand, Tonga, the United Kingdom, and the United States.\\n\\nRim of the Pacific (RIMPAC) is the world\\u2019s largest international maritime exercise, designed to prepare military forces to work together in missions ranging from providing humanitarian aide to full combat operations. RIMPAC began as an annual exercise in 1971 and since 1974 has been scheduled every other year. The endurance of exercise demonstrates the value of bringing international forces together to train and improve their ability to operate in a joint and combined multi-national force environment. Canada, along with only Australia and the United States, has participated in RIMPAC since its inception. \\n\\nU.S. Marine Corps photo by: Cpl. Robert Bush, \\u00a9 2012 DND-MDN Canada\\n\\nFrench\/Fran\\u00e7ais\\n120722-M-VB788-092\\n22 juillet 2012\\nSecteur d\\u2019entra\\u00eenement de Pohakuloa (Hawa\\u00ef)\\n\\nL\\u2019adjudant Robby Fraser, adjudant de peloton au sein du Princess Patricia\\u2019s Canadian Light Infantry, de l\\u2019Arm\\u00e9e canadienne, vise un objectif au moyen de sa mitrailleuse lors d\\u2019un exercice de tir r\\u00e9el au niveau du peloton, dans le cadre de l\\u2019Ex Rim of the Pacific 2012, le 22 juillet. \\n\\nEnviron 1 400 membres des trois \\u00e9l\\u00e9ments des Forces canadiennes participent \\u00e0 l\\u2019exercice multinational et interarm\\u00e9es Rim of the Pacific (RIMPAC) qui se tient du 29 juin au 3 ao\\u00fbt pr\\u00e8s des \\u00eeles hawa\\u00efennes. Organis\\u00e9 et coordonn\\u00e9 par la Troisi\\u00e8me Flotte de la U.S. Navy, l\\u2019exercice RIMPAC offre \\u00e0 des hauts dirigeants des Forces canadiennes l\\u2019occasion d\\u2019exercer des fonctions de meneurs, et accro\\u00eet la capacit\\u00e9 du Canada de travailler avec d\\u2019autres pays de la r\\u00e9gion de l\\u2019Asie-Pacifique. Des forces militaires de l\\u2019Australie, du Canada, du Chili, de la Colombie, de la France, de l\\u2019Inde, de l\\u2019Indon\\u00e9sie, du Japon, de la Malaisie, du Mexique, des Pays-Bas, de la Nouvelle-Z\\u00e9lande, de la Norv\\u00e8ge, du P\\u00e9rou, des Philippines, de la R\\u00e9publique de Cor\\u00e9e, de la Russie, de Singapour, de la Tha\\u00eflande, des Tonga, du Royaume-Uni et des \\u00c9tats-Unis prennent part \\u00e0 l\\u2019exercice RIMPAC 2012. \\n\\nRim of the Pacific (RIMPAC), le plus important exercice naval international, vise \\u00e0 pr\\u00e9parer les forces militaires \\u00e0 collaborer dans le cadre de toute une gamme de missions allant de l\\u2019aide humanitaire aux op\\u00e9rations de combat. \\u00c0 ses d\\u00e9buts en 1971, le RIMPAC \\u00e9tait un exercice annuel; mais il est tenu tous les deux ans depuis 1974. Le fait que l\\u2019exercice ait lieu depuis si longtemps montre \\u00e0 quel point il est utile de rassembler des forces de divers pays pour qu\\u2019elles puissent s\\u2019entra\\u00eener ensemble et am\\u00e9liorer leur capacit\\u00e9 de fonctionner dans un environnement interarm\\u00e9es et multinational. Le Canada, l\\u2019Australie et les \\u00c9tats-Unis participent \\u00e0 l\\u2019exercice RIMPAC depuis sa cr\\u00e9ation.\\n\\nPhoto : Cpl Robert Bush, U.S. Marine Corps, \\u00a9 2012 DND-MDN Canada&quot;,&quot;created_timestamp&quot;:&quot;1200938194&quot;,&quot;copyright&quot;:&quot;U.S. Marine Corp&quot;,&quot;focal_length&quot;:&quot;125&quot;,&quot;iso&quot;:&quot;100&quot;,&quot;shutter_speed&quot;:&quot;0.01&quot;,&quot;title&quot;:&quot;RIMPAC 2012&quot;}\" data-image-title=\"RIMPAC 2012\" data-image-description=\"&lt;p&gt;120722-M-VB788-092.&lt;br \/&gt;\nJuly 22, 2012&lt;br \/&gt;\nPOHAKULOA TRAINING AREA, Hawaii&lt;\/p&gt;\n&lt;p&gt;Canadian Army Warrant Officer Robby Fraser, a platoon warrant officer with Princess Patricia&amp;#8217;s Canadian Light Infantry, directs machine gun fire at a support by fire position during a platoon-size live-fire assault, July 22, as part of Rim of the Pacific 2012. &lt;\/p&gt;\n&lt;p&gt;1,400 Canadian sailors, soldiers, and airmen and airwomen participate in the Rim of the Pacific (RIMPAC) 2012 combined and joint exercise, taking place near the Hawaiian Islands from June 29 to August 3. Scheduled and coordinated by the U.S. Navy Third Fleet, RIMPAC also offers Canada the senior members of the Canadian Forces the opportunity to assume positions of leadership, further enhancing Canada\u2019s ability to work with other nations of the Asia-Pacific region. RIMPAC 2012 involves forces from Australia, Canada, Chile, Colombia, France, India, Indonesia, Japan, Malaysia, Mexico, Netherlands, New Zealand, Norway, Peru, Philippines, Republic of Korea, Russia, Singapore, Thailand, Tonga, the United Kingdom, and the United States.&lt;\/p&gt;\n&lt;p&gt;Rim of the Pacific (RIMPAC) is the world\u2019s largest international maritime exercise, designed to prepare military forces to work together in missions ranging from providing humanitarian aide to full combat operations. RIMPAC began as an annual exercise in 1971 and since 1974 has been scheduled every other year. The endurance of exercise demonstrates the value of bringing international forces together to train and improve their ability to operate in a joint and combined multi-national force environment. Canada, along with only Australia and the United States, has participated in RIMPAC since its inception. &lt;\/p&gt;\n&lt;p&gt;U.S. Marine Corps photo by: Cpl. Robert Bush, \u00a9 2012 DND-MDN Canada&lt;\/p&gt;\n&lt;p&gt;French\/Fran\u00e7ais&lt;br \/&gt;\n120722-M-VB788-092&lt;br \/&gt;\n22 juillet 2012&lt;br \/&gt;\nSecteur d\u2019entra\u00eenement de Pohakuloa (Hawa\u00ef)&lt;\/p&gt;\n&lt;p&gt;L\u2019adjudant Robby Fraser, adjudant de peloton au sein du Princess Patricia\u2019s Canadian Light Infantry, de l\u2019Arm\u00e9e canadienne, vise un objectif au moyen de sa mitrailleuse lors d\u2019un exercice de tir r\u00e9el au niveau du peloton, dans le cadre de l\u2019Ex Rim of the Pacific 2012, le 22 juillet. &lt;\/p&gt;\n&lt;p&gt;Environ 1 400 membres des trois \u00e9l\u00e9ments des Forces canadiennes participent \u00e0 l\u2019exercice multinational et interarm\u00e9es Rim of the Pacific (RIMPAC) qui se tient du 29 juin au 3 ao\u00fbt pr\u00e8s des \u00eeles hawa\u00efennes. Organis\u00e9 et coordonn\u00e9 par la Troisi\u00e8me Flotte de la U.S. Navy, l\u2019exercice RIMPAC offre \u00e0 des hauts dirigeants des Forces canadiennes l\u2019occasion d\u2019exercer des fonctions de meneurs, et accro\u00eet la capacit\u00e9 du Canada de travailler avec d\u2019autres pays de la r\u00e9gion de l\u2019Asie-Pacifique. Des forces militaires de l\u2019Australie, du Canada, du Chili, de la Colombie, de la France, de l\u2019Inde, de l\u2019Indon\u00e9sie, du Japon, de la Malaisie, du Mexique, des Pays-Bas, de la Nouvelle-Z\u00e9lande, de la Norv\u00e8ge, du P\u00e9rou, des Philippines, de la R\u00e9publique de Cor\u00e9e, de la Russie, de Singapour, de la Tha\u00eflande, des Tonga, du Royaume-Uni et des \u00c9tats-Unis prennent part \u00e0 l\u2019exercice RIMPAC 2012. &lt;\/p&gt;\n&lt;p&gt;Rim of the Pacific (RIMPAC), le plus important exercice naval international, vise \u00e0 pr\u00e9parer les forces militaires \u00e0 collaborer dans le cadre de toute une gamme de missions allant de l\u2019aide humanitaire aux op\u00e9rations de combat. \u00c0 ses d\u00e9buts en 1971, le RIMPAC \u00e9tait un exercice annuel; mais il est tenu tous les deux ans depuis 1974. Le fait que l\u2019exercice ait lieu depuis si longtemps montre \u00e0 quel point il est utile de rassembler des forces de divers pays pour qu\u2019elles puissent s\u2019entra\u00eener ensemble et am\u00e9liorer leur capacit\u00e9 de fonctionner dans un environnement interarm\u00e9es et multinational. Le Canada, l\u2019Australie et les \u00c9tats-Unis participent \u00e0 l\u2019exercice RIMPAC depuis sa cr\u00e9ation.&lt;\/p&gt;\n&lt;p&gt;Photo : Cpl Robert Bush, U.S. Marine Corps, \u00a9 2012 DND-MDN Canada&lt;\/p&gt;\n\" data-image-caption=\"\" data-large-file=\"https:\/\/i0.wp.com\/www.heroesparkbeaconsfield.org\/en\/wp-content\/uploads\/2013\/06\/120722-M-VB788-092.jpg?fit=660%2C440&amp;ssl=1\" src=\"https:\/\/i0.wp.com\/heroespark.org\/wp-content\/uploads\/2013\/06\/120722-M-VB788-092-1024x682.jpg?resize=660%2C439\" alt=\"RIMPAC 2012\" width=\"660\" height=\"439\" class=\"aligncenter size-large wp-image-160\" srcset=\"https:\/\/i0.wp.com\/www.heroesparkbeaconsfield.org\/en\/wp-content\/uploads\/2013\/06\/120722-M-VB788-092.jpg?resize=1024%2C682&amp;ssl=1 1024w, https:\/\/i0.wp.com\/www.heroesparkbeaconsfield.org\/en\/wp-content\/uploads\/2013\/06\/120722-M-VB788-092.jpg?resize=300%2C200&amp;ssl=1 300w, https:\/\/i0.wp.com\/www.heroesparkbeaconsfield.org\/en\/wp-content\/uploads\/2013\/06\/120722-M-VB788-092.jpg?resize=700%2C466&amp;ssl=1 700w, https:\/\/i0.wp.com\/www.heroesparkbeaconsfield.org\/en\/wp-content\/uploads\/2013\/06\/120722-M-VB788-092.jpg?resize=332%2C221&amp;ssl=1 332w, https:\/\/i0.wp.com\/www.heroesparkbeaconsfield.org\/en\/wp-content\/uploads\/2013\/06\/120722-M-VB788-092.jpg?w=1320 1320w, https:\/\/i0.wp.com\/www.heroesparkbeaconsfield.org\/en\/wp-content\/uploads\/2013\/06\/120722-M-VB788-092.jpg?w=1980 1980w\" sizes=\"auto, (max-width: 660px) 100vw, 660px\" \/><\/p>\n<p>The Park will recognize all military personnel, police, fire, first responders and volunteers, who served and sacrificed in the service of the community and the Canadian nation.<\/p>\n<p><img data-recalc-dims=\"1\" loading=\"lazy\" decoding=\"async\" data-attachment-id=\"191\" data-permalink=\"https:\/\/www.heroesparkbeaconsfield.org\/en\/about-the-project\/honouring-those-who-served\/mig-1\/\" data-orig-file=\"https:\/\/i0.wp.com\/www.heroesparkbeaconsfield.org\/en\/wp-content\/uploads\/2013\/02\/Mig-1.jpg?fit=2736%2C1824&amp;ssl=1\" data-orig-size=\"2736,1824\" data-comments-opened=\"1\" data-image-meta=\"{&quot;aperture&quot;:&quot;2.8&quot;,&quot;credit&quot;:&quot;&quot;,&quot;camera&quot;:&quot;Canon EOS 6D&quot;,&quot;caption&quot;:&quot;&quot;,&quot;created_timestamp&quot;:&quot;1358689879&quot;,&quot;copyright&quot;:&quot;&quot;,&quot;focal_length&quot;:&quot;50&quot;,&quot;iso&quot;:&quot;100&quot;,&quot;shutter_speed&quot;:&quot;0.008&quot;,&quot;title&quot;:&quot;&quot;}\" data-image-title=\"Mig 1\" data-image-description=\"\" data-image-caption=\"\" data-large-file=\"https:\/\/i0.wp.com\/www.heroesparkbeaconsfield.org\/en\/wp-content\/uploads\/2013\/02\/Mig-1.jpg?fit=660%2C440&amp;ssl=1\" src=\"https:\/\/i0.wp.com\/heroespark.org\/wp-content\/uploads\/2013\/02\/Mig-1-1024x682.jpg?resize=660%2C439\" alt=\"Mig 1\" width=\"660\" height=\"439\" class=\"aligncenter size-large wp-image-191\" srcset=\"https:\/\/i0.wp.com\/www.heroesparkbeaconsfield.org\/en\/wp-content\/uploads\/2013\/02\/Mig-1.jpg?resize=1024%2C682&amp;ssl=1 1024w, https:\/\/i0.wp.com\/www.heroesparkbeaconsfield.org\/en\/wp-content\/uploads\/2013\/02\/Mig-1.jpg?resize=300%2C200&amp;ssl=1 300w, https:\/\/i0.wp.com\/www.heroesparkbeaconsfield.org\/en\/wp-content\/uploads\/2013\/02\/Mig-1.jpg?resize=700%2C466&amp;ssl=1 700w, https:\/\/i0.wp.com\/www.heroesparkbeaconsfield.org\/en\/wp-content\/uploads\/2013\/02\/Mig-1.jpg?resize=332%2C221&amp;ssl=1 332w, https:\/\/i0.wp.com\/www.heroesparkbeaconsfield.org\/en\/wp-content\/uploads\/2013\/02\/Mig-1.jpg?w=1320 1320w, https:\/\/i0.wp.com\/www.heroesparkbeaconsfield.org\/en\/wp-content\/uploads\/2013\/02\/Mig-1.jpg?w=1980 1980w\" sizes=\"auto, (max-width: 660px) 100vw, 660px\" \/><\/p>\n<p>The project will be funded by private and corporate donations and public grants programs.<\/p>\n<p><img data-recalc-dims=\"1\" loading=\"lazy\" decoding=\"async\" data-attachment-id=\"295\" data-permalink=\"https:\/\/www.heroesparkbeaconsfield.org\/en\/about-the-project\/honouring-those-who-served\/is2007-0467\/\" data-orig-file=\"https:\/\/i0.wp.com\/www.heroesparkbeaconsfield.org\/en\/wp-content\/uploads\/2013\/02\/IS2007-0467.jpeg?fit=1280%2C851&amp;ssl=1\" data-orig-size=\"1280,851\" data-comments-opened=\"1\" data-image-meta=\"{&quot;aperture&quot;:&quot;0&quot;,&quot;credit&quot;:&quot;&quot;,&quot;camera&quot;:&quot;&quot;,&quot;caption&quot;:&quot;&quot;,&quot;created_timestamp&quot;:&quot;0&quot;,&quot;copyright&quot;:&quot;&quot;,&quot;focal_length&quot;:&quot;0&quot;,&quot;iso&quot;:&quot;0&quot;,&quot;shutter_speed&quot;:&quot;0&quot;,&quot;title&quot;:&quot;&quot;}\" data-image-title=\"IS2007-0467\" data-image-description=\"\" data-image-caption=\"\" data-large-file=\"https:\/\/i0.wp.com\/www.heroesparkbeaconsfield.org\/en\/wp-content\/uploads\/2013\/02\/IS2007-0467.jpeg?fit=660%2C438&amp;ssl=1\" src=\"https:\/\/i0.wp.com\/heroespark.org\/wp-content\/uploads\/2013\/02\/IS2007-0467-1024x680.jpeg?resize=660%2C438\" alt=\"IS2007-0467\" width=\"660\" height=\"438\" class=\"aligncenter size-large wp-image-295\" srcset=\"https:\/\/i0.wp.com\/www.heroesparkbeaconsfield.org\/en\/wp-content\/uploads\/2013\/02\/IS2007-0467.jpeg?resize=1024%2C680&amp;ssl=1 1024w, https:\/\/i0.wp.com\/www.heroesparkbeaconsfield.org\/en\/wp-content\/uploads\/2013\/02\/IS2007-0467.jpeg?resize=300%2C199&amp;ssl=1 300w, https:\/\/i0.wp.com\/www.heroesparkbeaconsfield.org\/en\/wp-content\/uploads\/2013\/02\/IS2007-0467.jpeg?resize=700%2C465&amp;ssl=1 700w, https:\/\/i0.wp.com\/www.heroesparkbeaconsfield.org\/en\/wp-content\/uploads\/2013\/02\/IS2007-0467.jpeg?resize=332%2C220&amp;ssl=1 332w, https:\/\/i0.wp.com\/www.heroesparkbeaconsfield.org\/en\/wp-content\/uploads\/2013\/02\/IS2007-0467.jpeg?w=1280&amp;ssl=1 1280w\" sizes=\"auto, (max-width: 660px) 100vw, 660px\" \/><\/p>\n","protected":false},"excerpt":{"rendered":"<p>The Heroes Committee is a non-profit and non-partisan community organization, formed by citizens engaged in promoting the erection of a Cenotaph to honour the memory of those who served and sacrificed in the service of the community and the nation in times of war and peace. The Park will recognize &#8230;<\/p>\n","protected":false},"author":1,"featured_media":0,"parent":78,"menu_order":0,"comment_status":"closed","ping_status":"open","template":"","meta":{"footnotes":""},"class_list":["post-23","page","type-page","status-publish","hentry","column","twocol"],"yoast_head":"<!-- This site is optimized with the Yoast SEO plugin v27.5 - https:\/\/yoast.com\/product\/yoast-seo-wordpress\/ -->\n<title>Honouring Those Who Served - Heroes&#039; Park of Beaconsfield<\/title>\n<meta name=\"robots\" content=\"index, follow, max-snippet:-1, max-image-preview:large, max-video-preview:-1\" \/>\n<link rel=\"canonical\" href=\"https:\/\/www.heroesparkbeaconsfield.org\/en\/about-the-project\/honouring-those-who-served\/\" \/>\n<meta property=\"og:locale\" content=\"en_US\" \/>\n<meta property=\"og:type\" content=\"article\" \/>\n<meta property=\"og:title\" content=\"Honouring Those Who Served - Heroes&#039; Park of Beaconsfield\" \/>\n<meta property=\"og:description\" content=\"The Heroes Committee is a non-profit and non-partisan community organization, formed by citizens engaged in promoting the erection of a Cenotaph to &#8230;\" \/>\n<meta property=\"og:url\" content=\"https:\/\/www.heroesparkbeaconsfield.org\/en\/about-the-project\/honouring-those-who-served\/\" \/>\n<meta property=\"og:site_name\" content=\"Heroes&#039; Park of Beaconsfield\" \/>\n<meta property=\"article:modified_time\" content=\"2014-09-02T18:10:24+00:00\" \/>\n<meta property=\"og:image\" content=\"http:\/\/parcdesheros.org\/wp-content\/uploads\/2013\/06\/Urgence-pic-2-1024x682.jpg\" \/>\n<script type=\"application\/ld+json\" class=\"yoast-schema-graph\">{\"@context\":\"https:\\\/\\\/schema.org\",\"@graph\":[{\"@type\":\"WebPage\",\"@id\":\"https:\\\/\\\/www.heroesparkbeaconsfield.org\\\/en\\\/about-the-project\\\/honouring-those-who-served\\\/\",\"url\":\"https:\\\/\\\/www.heroesparkbeaconsfield.org\\\/en\\\/about-the-project\\\/honouring-those-who-served\\\/\",\"name\":\"Honouring Those Who Served - Heroes&#039; Park of Beaconsfield\",\"isPartOf\":{\"@id\":\"https:\\\/\\\/www.heroesparkbeaconsfield.org\\\/en\\\/#website\"},\"primaryImageOfPage\":{\"@id\":\"https:\\\/\\\/www.heroesparkbeaconsfield.org\\\/en\\\/about-the-project\\\/honouring-those-who-served\\\/#primaryimage\"},\"image\":{\"@id\":\"https:\\\/\\\/www.heroesparkbeaconsfield.org\\\/en\\\/about-the-project\\\/honouring-those-who-served\\\/#primaryimage\"},\"thumbnailUrl\":\"http:\\\/\\\/parcdesheros.org\\\/wp-content\\\/uploads\\\/2013\\\/06\\\/Urgence-pic-2-1024x682.jpg\",\"datePublished\":\"2013-02-14T08:54:26+00:00\",\"dateModified\":\"2014-09-02T18:10:24+00:00\",\"breadcrumb\":{\"@id\":\"https:\\\/\\\/www.heroesparkbeaconsfield.org\\\/en\\\/about-the-project\\\/honouring-those-who-served\\\/#breadcrumb\"},\"inLanguage\":\"en-US\",\"potentialAction\":[{\"@type\":\"ReadAction\",\"target\":[\"https:\\\/\\\/www.heroesparkbeaconsfield.org\\\/en\\\/about-the-project\\\/honouring-those-who-served\\\/\"]}]},{\"@type\":\"ImageObject\",\"inLanguage\":\"en-US\",\"@id\":\"https:\\\/\\\/www.heroesparkbeaconsfield.org\\\/en\\\/about-the-project\\\/honouring-those-who-served\\\/#primaryimage\",\"url\":\"http:\\\/\\\/parcdesheros.org\\\/wp-content\\\/uploads\\\/2013\\\/06\\\/Urgence-pic-2-1024x682.jpg\",\"contentUrl\":\"http:\\\/\\\/parcdesheros.org\\\/wp-content\\\/uploads\\\/2013\\\/06\\\/Urgence-pic-2-1024x682.jpg\"},{\"@type\":\"BreadcrumbList\",\"@id\":\"https:\\\/\\\/www.heroesparkbeaconsfield.org\\\/en\\\/about-the-project\\\/honouring-those-who-served\\\/#breadcrumb\",\"itemListElement\":[{\"@type\":\"ListItem\",\"position\":1,\"name\":\"Home\",\"item\":\"https:\\\/\\\/www.heroesparkbeaconsfield.org\\\/en\\\/\"},{\"@type\":\"ListItem\",\"position\":2,\"name\":\"About the Project\",\"item\":\"https:\\\/\\\/www.heroesparkbeaconsfield.org\\\/en\\\/about-the-project\\\/\"},{\"@type\":\"ListItem\",\"position\":3,\"name\":\"Honouring Those Who Served\"}]},{\"@type\":\"WebSite\",\"@id\":\"https:\\\/\\\/www.heroesparkbeaconsfield.org\\\/en\\\/#website\",\"url\":\"https:\\\/\\\/www.heroesparkbeaconsfield.org\\\/en\\\/\",\"name\":\"Heroes&#039; Park of Beaconsfield\",\"description\":\"Honouring Military, Police, Firefighters &amp; Paramedics\",\"potentialAction\":[{\"@type\":\"SearchAction\",\"target\":{\"@type\":\"EntryPoint\",\"urlTemplate\":\"https:\\\/\\\/www.heroesparkbeaconsfield.org\\\/en\\\/?s={search_term_string}\"},\"query-input\":{\"@type\":\"PropertyValueSpecification\",\"valueRequired\":true,\"valueName\":\"search_term_string\"}}],\"inLanguage\":\"en-US\"}]}<\/script>\n<!-- \/ Yoast SEO plugin. -->","yoast_head_json":{"title":"Honouring Those Who Served - Heroes&#039; Park of Beaconsfield","robots":{"index":"index","follow":"follow","max-snippet":"max-snippet:-1","max-image-preview":"max-image-preview:large","max-video-preview":"max-video-preview:-1"},"canonical":"https:\/\/www.heroesparkbeaconsfield.org\/en\/about-the-project\/honouring-those-who-served\/","og_locale":"en_US","og_type":"article","og_title":"Honouring Those Who Served - Heroes&#039; Park of Beaconsfield","og_description":"The Heroes Committee is a non-profit and non-partisan community organization, formed by citizens engaged in promoting the erection of a Cenotaph to &#8230;","og_url":"https:\/\/www.heroesparkbeaconsfield.org\/en\/about-the-project\/honouring-those-who-served\/","og_site_name":"Heroes&#039; Park of Beaconsfield","article_modified_time":"2014-09-02T18:10:24+00:00","og_image":[{"url":"http:\/\/parcdesheros.org\/wp-content\/uploads\/2013\/06\/Urgence-pic-2-1024x682.jpg","type":"","width":"","height":""}],"schema":{"@context":"https:\/\/schema.org","@graph":[{"@type":"WebPage","@id":"https:\/\/www.heroesparkbeaconsfield.org\/en\/about-the-project\/honouring-those-who-served\/","url":"https:\/\/www.heroesparkbeaconsfield.org\/en\/about-the-project\/honouring-those-who-served\/","name":"Honouring Those Who Served - Heroes&#039; Park of Beaconsfield","isPartOf":{"@id":"https:\/\/www.heroesparkbeaconsfield.org\/en\/#website"},"primaryImageOfPage":{"@id":"https:\/\/www.heroesparkbeaconsfield.org\/en\/about-the-project\/honouring-those-who-served\/#primaryimage"},"image":{"@id":"https:\/\/www.heroesparkbeaconsfield.org\/en\/about-the-project\/honouring-those-who-served\/#primaryimage"},"thumbnailUrl":"http:\/\/parcdesheros.org\/wp-content\/uploads\/2013\/06\/Urgence-pic-2-1024x682.jpg","datePublished":"2013-02-14T08:54:26+00:00","dateModified":"2014-09-02T18:10:24+00:00","breadcrumb":{"@id":"https:\/\/www.heroesparkbeaconsfield.org\/en\/about-the-project\/honouring-those-who-served\/#breadcrumb"},"inLanguage":"en-US","potentialAction":[{"@type":"ReadAction","target":["https:\/\/www.heroesparkbeaconsfield.org\/en\/about-the-project\/honouring-those-who-served\/"]}]},{"@type":"ImageObject","inLanguage":"en-US","@id":"https:\/\/www.heroesparkbeaconsfield.org\/en\/about-the-project\/honouring-those-who-served\/#primaryimage","url":"http:\/\/parcdesheros.org\/wp-content\/uploads\/2013\/06\/Urgence-pic-2-1024x682.jpg","contentUrl":"http:\/\/parcdesheros.org\/wp-content\/uploads\/2013\/06\/Urgence-pic-2-1024x682.jpg"},{"@type":"BreadcrumbList","@id":"https:\/\/www.heroesparkbeaconsfield.org\/en\/about-the-project\/honouring-those-who-served\/#breadcrumb","itemListElement":[{"@type":"ListItem","position":1,"name":"Home","item":"https:\/\/www.heroesparkbeaconsfield.org\/en\/"},{"@type":"ListItem","position":2,"name":"About the Project","item":"https:\/\/www.heroesparkbeaconsfield.org\/en\/about-the-project\/"},{"@type":"ListItem","position":3,"name":"Honouring Those Who Served"}]},{"@type":"WebSite","@id":"https:\/\/www.heroesparkbeaconsfield.org\/en\/#website","url":"https:\/\/www.heroesparkbeaconsfield.org\/en\/","name":"Heroes&#039; Park of Beaconsfield","description":"Honouring Military, Police, Firefighters &amp; Paramedics","potentialAction":[{"@type":"SearchAction","target":{"@type":"EntryPoint","urlTemplate":"https:\/\/www.heroesparkbeaconsfield.org\/en\/?s={search_term_string}"},"query-input":{"@type":"PropertyValueSpecification","valueRequired":true,"valueName":"search_term_string"}}],"inLanguage":"en-US"}]}},"jetpack_shortlink":"https:\/\/wp.me\/P3dz0I-n","jetpack_sharing_enabled":false,"_links":{"self":[{"href":"https:\/\/www.heroesparkbeaconsfield.org\/en\/wp-json\/wp\/v2\/pages\/23","targetHints":{"allow":["GET"]}}],"collection":[{"href":"https:\/\/www.heroesparkbeaconsfield.org\/en\/wp-json\/wp\/v2\/pages"}],"about":[{"href":"https:\/\/www.heroesparkbeaconsfield.org\/en\/wp-json\/wp\/v2\/types\/page"}],"author":[{"embeddable":true,"href":"https:\/\/www.heroesparkbeaconsfield.org\/en\/wp-json\/wp\/v2\/users\/1"}],"replies":[{"embeddable":true,"href":"https:\/\/www.heroesparkbeaconsfield.org\/en\/wp-json\/wp\/v2\/comments?post=23"}],"version-history":[{"count":9,"href":"https:\/\/www.heroesparkbeaconsfield.org\/en\/wp-json\/wp\/v2\/pages\/23\/revisions"}],"predecessor-version":[{"id":671,"href":"https:\/\/www.heroesparkbeaconsfield.org\/en\/wp-json\/wp\/v2\/pages\/23\/revisions\/671"}],"up":[{"embeddable":true,"href":"https:\/\/www.heroesparkbeaconsfield.org\/en\/wp-json\/wp\/v2\/pages\/78"}],"wp:attachment":[{"href":"https:\/\/www.heroesparkbeaconsfield.org\/en\/wp-json\/wp\/v2\/media?parent=23"}],"curies":[{"name":"wp","href":"https:\/\/api.w.org\/{rel}","templated":true}]}}