{"id":95,"date":"2013-05-21T14:04:30","date_gmt":"2013-05-21T18:04:30","guid":{"rendered":"http:\/\/heroespark.org\/?page_id=95"},"modified":"2014-10-10T10:14:25","modified_gmt":"2014-10-10T14:14:25","slug":"community-testimonials","status":"publish","type":"page","link":"https:\/\/www.heroesparkbeaconsfield.org\/en\/about-the-project\/community-testimonials\/","title":{"rendered":"Community Testimonials"},"content":{"rendered":"<p><strong>Brigadier g\u00e9n\u00e9ral St\u00e9phane Lafaut, OMM, CSM, CD<\/strong><br \/>\n<a href=\"http:\/\/heroespark.org\/wp-content\/uploads\/2014\/08\/Lettre-Du-General.pdf\">[VIEW]<\/a><\/p>\n<p><strong>Council Resolution &#8211; City of Beaconsfield<\/strong><br \/>\n#2012-07-753<br \/>\n<a href=\"http:\/\/heroespark.org\/wp-content\/uploads\/2013\/08\/resolution.pdf\">[VIEW]<\/a><\/p>\n<p><strong>Mr. Georges Bourelle<\/strong><br \/>\nMayor of Beaconsfield and council &#8211; mandate 2013 to 2017<br \/>\n<a href=\"http:\/\/heroespark.org\/wp-content\/uploads\/2013\/05\/War-Memorial-Project-Richard-Gratton.pdf\" title=\"Georges Bourelle, Beaconsfield\" target=\"_blank\">[VIEW]<\/a><\/p>\n<p><strong>Mr. David Pollock<\/strong><br \/>\nMayor of Beaconsfield and council &#8211; mandate 2009 to 2013<br \/>\n<a href=\"http:\/\/heroespark.org\/wp-content\/uploads\/2013\/08\/beaconsfield.pdf\">[VIEW]<\/a><\/p>\n<p><strong>Charlene Vacon<\/strong><br \/>\nCommunications Manager, Urgences-Sant\u00e9 Qu\u00e9bec<br \/>\n<a href=\"http:\/\/heroespark.org\/wp-content\/uploads\/2014\/03\/UrgencesSante-.pdf\">[VIEW]<\/a><\/p>\n<p><strong>Mr. Francis Scarpaleggia<\/strong><br \/>\nMP Lac Saint Louis<br \/>\n<a href=\"http:\/\/heroespark.org\/wp-content\/uploads\/2013\/08\/scarpaleggia.pdf\">[VIEW]<\/a><\/p>\n<p><strong>The Honorable Peter MacKay<\/strong><br \/>\nMinister of National Defence<br \/>\n<a href=\"http:\/\/heroespark.org\/wp-content\/uploads\/2013\/08\/mackay.pdf\">[VIEW]<\/a><\/p>\n<p><strong>The Honorable Larry W. Smith<\/strong><br \/>\nSenate of Canada<br \/>\n<a href=\"http:\/\/heroespark.org\/wp-content\/uploads\/2013\/08\/smith.pdf\">[VIEW]<\/a><\/p>\n<p><strong>Mrs. Barbara Barclay<\/strong><br \/>\nPresident, La Soci\u00e9t\u00e9 historique de Beaurepaire &#8211; Beaconsfield Historical Society<br \/>\n<a href=\"http:\/\/heroespark.org\/wp-content\/uploads\/2013\/08\/beaconsfield-historical.pdf\">[VIEW]<\/a><\/p>\n<p><strong>Mr. Kevin MacCready<\/strong><br \/>\nPresident, Royal Canadian Legion, Branch 91, Sainte Anne de Bellevue<br \/>\n<a href=\"http:\/\/heroespark.org\/wp-content\/uploads\/2013\/08\/legion-91.jpeg\">[VIEW]<\/a><\/p>\n<p><strong>Mrs. Margaret Thomas<\/strong><br \/>\nPresident, Royal Canadian Legion Branch 57, Pointe-Claire<br \/>\n<a href=\"http:\/\/heroespark.org\/wp-content\/uploads\/2013\/08\/legion-57.pdf\">[VIEW]<\/a><\/p>\n<p><strong>Mr. Andr\u00e9 Labelle, CD<\/strong><br \/>\nPresident, Escadre 394 (Ouest de l&#8217;ile)<br \/>\nAssociation des Forces a\u00e9riennes du Canada<br \/>\n<a href=\"http:\/\/heroespark.org\/wp-content\/uploads\/2013\/08\/air-force.pdf\">[VIEW]<\/a><\/p>\n<p><strong>Mr. Geoffrey Kelley<\/strong><br \/>\nMNA of Jacques Cartier<br \/>\n<a href=\"http:\/\/heroespark.org\/wp-content\/uploads\/2013\/08\/kelley.pdf\">[VIEW]<\/a><\/p>\n<p><strong>Mr. John Ciaccia<\/strong><br \/>\nCitizen of Beaconsfield<br \/>\n<a href=\"http:\/\/heroespark.org\/wp-content\/uploads\/2013\/09\/johnc.pdf\" title=\"John Ciaccia\">[VIEW]<\/a><\/p>\n<p><strong>Mr. Mario Laprise<\/strong><br \/>\nDirector General, Quebec Provincial Police<br \/>\n<a href=\"http:\/\/heroespark.org\/wp-content\/uploads\/2013\/10\/laprise.pdf\" title=\"Mario Laprise\">[VIEW]<\/a><\/p>\n<p><strong>Commandant Fran\u00e7ois Desch\u00eanes<\/strong><br \/>\nDeputy Commissioner of the RCMP &#8211; C Division<br \/>\n<a href=\"http:\/\/heroespark.org\/wp-content\/uploads\/2013\/11\/deschenes.pdf\" title=\"Fran\u00e7ois Desch\u00eanes\">[VIEW]<\/a><\/p>\n<p><strong>Brigadier General Jean-Marc Lanthier<\/strong><br \/>\nCommander of the 2nd Division &#8211; Canadian Armed Forces<br \/>\n<a href=\"http:\/\/heroespark.org\/wp-content\/uploads\/2013\/11\/lanthier.pdf\" title=\"Jean-Marc Lanthier\">[VIEW]<\/a><\/p>\n<p><strong>Mr. Marc Parent<\/strong><br \/>\nDirector, Montreal Police<br \/>\n<a href=\"http:\/\/heroespark.org\/wp-content\/uploads\/2013\/11\/parent.pdf\" title=\"Marc Parent\">[VIEW]<\/a><\/p>\n<p><img data-recalc-dims=\"1\" loading=\"lazy\" decoding=\"async\" data-attachment-id=\"164\" data-permalink=\"https:\/\/www.heroesparkbeaconsfield.org\/en\/about-the-project\/community-testimonials\/op-archer-2\/\" data-orig-file=\"https:\/\/i0.wp.com\/www.heroesparkbeaconsfield.org\/en\/wp-content\/uploads\/2013\/06\/AR2006-H037-0029a.jpg?fit=2464%2C1632&amp;ssl=1\" data-orig-size=\"2464,1632\" data-comments-opened=\"1\" data-image-meta=\"{&quot;aperture&quot;:&quot;18&quot;,&quot;credit&quot;:&quot;Sergeant Carole Morissette&quot;,&quot;camera&quot;:&quot;NIKON D2Hs&quot;,&quot;caption&quot;:&quot;English\/Anglais&lt;br&gt;\\nAR2006-H037-0029a&lt;br&gt;\\n12 May 2006&lt;br&gt;\\nKandahar Provincial Reconstruction Team, Afghanistan&lt;p&gt;\\n\\nCorporal Vanessa Larter and Corporal Shaun Lindsay are administrating medical care to a young Afghan girl, which took place during a Village Medical Outreach (VMO). The girl will require surgery later on and it will be performed at Kandahar Provincial Reconstruction Team (KPRT).&lt;p&gt;\\n\\nThe Kandahar Provincial Reconstruction Team (KPRT) located at Camp Nathan Smith in the heart of Kandahar City is comprised of approximately 250 soldiers, drawn largely from Land Forces Western Area (LFWA) and 1 Canadian Mechanized Brigade Group (1 CMBG) based in Shilo, Manitoba and Edmonton, Alberta.&lt;p&gt;\\n\\nTask Force Afghanistan is part of Canada\\u2019s contribution to the Islamic Republic of Afghanistan. Canadians and their international partners are helping Afghan people to rebuild their lives, their families, their communities and their nation. The mission is to improve the quality of life of Afghan people by providing a secure environment in which Afghan society can recover from more than 25 years of conflict.&lt;p&gt;\\n\\nPhoto by Sergeant Carole Morissette&lt;br&gt;\\nTask Force Afghanistan Roto 1&lt;br&gt;\\nImagery Technician&lt;p&gt;\\n\\nFrench\/Fran\\u00e7ais&lt;br&gt;\\nAR2006-H037-0029a&lt;br&gt;\\nLe 12 mai 2006&lt;br&gt;\\n\\u00c9quipe provinciale de reconstruction Kandahar (Afghanistan)&lt;p&gt;  \\n\\nLe Caporal Vanessa Larter et le Caporal Shaun Lindsay prodiguent des soins m\\u00e9dicaux \\u00e0 une jeune Afghane, au cours d&#039;une visite m\\u00e9dicale de village (VMV). La jeune fille aura plus tard besoin d&#039;une op\\u00e9ration, qu&#039;elle subira au camp de l&#039;\\u00c9quipe provinciale de reconstruction Kandahar (EPRK).&lt;p&gt;\\n\\nL&#039;\\u00c9quipe provinciale de reconstruction Kandahar (EPRK), qui est install\\u00e9e au Camp Nathan Smith au coeur de la ville de Kandahar, est form\\u00e9e de quelque 250 soldats, issus en grande partie du Secteur de l&#039;Ouest de la Force terrestre (SOFT) et du 1er Groupe-brigade m\\u00e9canis\\u00e9 du Canada (1 GBMC) bas\\u00e9 \\u00e0 Shilo (Manitoba) et \\u00e0 Edmonton (Alberta).&lt;p&gt; \\n \\nLa Force op\\u00e9rationnelle en Afghanistan s&#039;inscrit dans la contribution du Canada envers la R\\u00e9publique islamique d&#039;Afghanistan. Les Canadiens et leurs partenaires internationaux aident les Afghans \\u00e0 reb\\u00e2tir leurs vies, leurs familles, leurs collectivit\\u00e9s et leur pays. La mission vise \\u00e0 am\\u00e9liorer la qualit\\u00e9 de vie du peuple afghan en assurant un milieu s\\u00e9curitaire qui lui permet de se remettre de plus de 25 ann\\u00e9es de conflit.&lt;p&gt;   \\n \\nPhoto : Sergent Carole Morissette&lt;br&gt;\\nForce op\\u00e9rationnelle en Afghanistan, Roto 1&lt;br&gt;\\nTechnicienne en imagerie &lt;p&gt;&quot;,&quot;created_timestamp&quot;:&quot;1147428911&quot;,&quot;copyright&quot;:&quot;The Crown, Canadian Department of National Defence&quot;,&quot;focal_length&quot;:&quot;12&quot;,&quot;iso&quot;:&quot;200&quot;,&quot;shutter_speed&quot;:&quot;0.005&quot;,&quot;title&quot;:&quot;OP ARCHER&quot;}\" data-image-title=\"OP ARCHER\" data-image-description=\"&lt;p&gt;English\/Anglais&lt;br \/&gt;\nAR2006-H037-0029a&lt;br \/&gt;\n12 May 2006&lt;br \/&gt;\nKandahar Provincial Reconstruction Team, Afghanistan&lt;\/p&gt;\n&lt;p&gt;Corporal Vanessa Larter and Corporal Shaun Lindsay are administrating medical care to a young Afghan girl, which took place during a Village Medical Outreach (VMO). The girl will require surgery later on and it will be performed at Kandahar Provincial Reconstruction Team (KPRT).&lt;\/p&gt;\n&lt;p&gt;The Kandahar Provincial Reconstruction Team (KPRT) located at Camp Nathan Smith in the heart of Kandahar City is comprised of approximately 250 soldiers, drawn largely from Land Forces Western Area (LFWA) and 1 Canadian Mechanized Brigade Group (1 CMBG) based in Shilo, Manitoba and Edmonton, Alberta.&lt;\/p&gt;\n&lt;p&gt;Task Force Afghanistan is part of Canada\u2019s contribution to the Islamic Republic of Afghanistan. Canadians and their international partners are helping Afghan people to rebuild their lives, their families, their communities and their nation. The mission is to improve the quality of life of Afghan people by providing a secure environment in which Afghan society can recover from more than 25 years of conflict.&lt;\/p&gt;\n&lt;p&gt;Photo by Sergeant Carole Morissette&lt;br \/&gt;\nTask Force Afghanistan Roto 1&lt;br \/&gt;\nImagery Technician&lt;\/p&gt;\n&lt;p&gt;French\/Fran\u00e7ais&lt;br \/&gt;\nAR2006-H037-0029a&lt;br \/&gt;\nLe 12 mai 2006&lt;br \/&gt;\n\u00c9quipe provinciale de reconstruction Kandahar (Afghanistan)&lt;\/p&gt;\n&lt;p&gt;Le Caporal Vanessa Larter et le Caporal Shaun Lindsay prodiguent des soins m\u00e9dicaux \u00e0 une jeune Afghane, au cours d&amp;#8217;une visite m\u00e9dicale de village (VMV). La jeune fille aura plus tard besoin d&amp;#8217;une op\u00e9ration, qu&amp;#8217;elle subira au camp de l&amp;#8217;\u00c9quipe provinciale de reconstruction Kandahar (EPRK).&lt;\/p&gt;\n&lt;p&gt;L&amp;#8217;\u00c9quipe provinciale de reconstruction Kandahar (EPRK), qui est install\u00e9e au Camp Nathan Smith au coeur de la ville de Kandahar, est form\u00e9e de quelque 250 soldats, issus en grande partie du Secteur de l&amp;#8217;Ouest de la Force terrestre (SOFT) et du 1er Groupe-brigade m\u00e9canis\u00e9 du Canada (1 GBMC) bas\u00e9 \u00e0 Shilo (Manitoba) et \u00e0 Edmonton (Alberta).&lt;\/p&gt;\n&lt;p&gt;La Force op\u00e9rationnelle en Afghanistan s&amp;#8217;inscrit dans la contribution du Canada envers la R\u00e9publique islamique d&amp;#8217;Afghanistan. Les Canadiens et leurs partenaires internationaux aident les Afghans \u00e0 reb\u00e2tir leurs vies, leurs familles, leurs collectivit\u00e9s et leur pays. La mission vise \u00e0 am\u00e9liorer la qualit\u00e9 de vie du peuple afghan en assurant un milieu s\u00e9curitaire qui lui permet de se remettre de plus de 25 ann\u00e9es de conflit.&lt;\/p&gt;\n&lt;p&gt;Photo : Sergent Carole Morissette&lt;br \/&gt;\nForce op\u00e9rationnelle en Afghanistan, Roto 1&lt;br \/&gt;\nTechnicienne en imagerie &lt;\/p&gt;\n&lt;p&gt;\n\" data-image-caption=\"\" data-large-file=\"https:\/\/i0.wp.com\/www.heroesparkbeaconsfield.org\/en\/wp-content\/uploads\/2013\/06\/AR2006-H037-0029a.jpg?fit=660%2C437&amp;ssl=1\" src=\"https:\/\/i0.wp.com\/heroespark.org\/wp-content\/uploads\/2013\/06\/AR2006-H037-0029a-1024x678.jpg?resize=660%2C436\" alt=\"OP ARCHER\" width=\"660\" height=\"436\" class=\"aligncenter size-large wp-image-164\" srcset=\"https:\/\/i0.wp.com\/www.heroesparkbeaconsfield.org\/en\/wp-content\/uploads\/2013\/06\/AR2006-H037-0029a.jpg?resize=1024%2C678&amp;ssl=1 1024w, https:\/\/i0.wp.com\/www.heroesparkbeaconsfield.org\/en\/wp-content\/uploads\/2013\/06\/AR2006-H037-0029a.jpg?resize=300%2C198&amp;ssl=1 300w, https:\/\/i0.wp.com\/www.heroesparkbeaconsfield.org\/en\/wp-content\/uploads\/2013\/06\/AR2006-H037-0029a.jpg?resize=700%2C463&amp;ssl=1 700w, https:\/\/i0.wp.com\/www.heroesparkbeaconsfield.org\/en\/wp-content\/uploads\/2013\/06\/AR2006-H037-0029a.jpg?resize=332%2C219&amp;ssl=1 332w, https:\/\/i0.wp.com\/www.heroesparkbeaconsfield.org\/en\/wp-content\/uploads\/2013\/06\/AR2006-H037-0029a.jpg?w=1320 1320w, https:\/\/i0.wp.com\/www.heroesparkbeaconsfield.org\/en\/wp-content\/uploads\/2013\/06\/AR2006-H037-0029a.jpg?w=1980 1980w\" sizes=\"auto, (max-width: 660px) 100vw, 660px\" \/><\/p>\n","protected":false},"excerpt":{"rendered":"<p>Brigadier g\u00e9n\u00e9ral St\u00e9phane Lafaut, OMM, CSM, CD [VIEW] Council Resolution &#8211; City of Beaconsfield #2012-07-753 [VIEW] Mr. Georges Bourelle Mayor of Beaconsfield and council &#8211; mandate 2013 to 2017 [VIEW] Mr. David Pollock Mayor of Beaconsfield and council &#8211; mandate 2009 to 2013 [VIEW] Charlene Vacon Communications Manager, Urgences-Sant\u00e9 Qu\u00e9bec &#8230;<\/p>\n","protected":false},"author":1,"featured_media":0,"parent":78,"menu_order":0,"comment_status":"closed","ping_status":"open","template":"","meta":{"footnotes":""},"class_list":["post-95","page","type-page","status-publish","hentry","column","twocol"],"yoast_head":"<!-- This site is optimized with the Yoast SEO plugin v27.5 - https:\/\/yoast.com\/product\/yoast-seo-wordpress\/ -->\n<title>Community Testimonials - Heroes&#039; Park of Beaconsfield<\/title>\n<meta name=\"robots\" content=\"index, follow, max-snippet:-1, max-image-preview:large, max-video-preview:-1\" \/>\n<link rel=\"canonical\" href=\"https:\/\/www.heroesparkbeaconsfield.org\/en\/about-the-project\/community-testimonials\/\" \/>\n<meta property=\"og:locale\" content=\"en_US\" \/>\n<meta property=\"og:type\" content=\"article\" \/>\n<meta property=\"og:title\" content=\"Community Testimonials - Heroes&#039; Park of Beaconsfield\" \/>\n<meta property=\"og:description\" content=\"Brigadier g\u00e9n\u00e9ral St\u00e9phane Lafaut, OMM, CSM, CD [VIEW] Council Resolution &#8211; City of Beaconsfield #2012-07-753 [VIEW] Mr. Georges Bourelle Mayor of Beaconsfield &#8230;\" \/>\n<meta property=\"og:url\" content=\"https:\/\/www.heroesparkbeaconsfield.org\/en\/about-the-project\/community-testimonials\/\" \/>\n<meta property=\"og:site_name\" content=\"Heroes&#039; Park of Beaconsfield\" \/>\n<meta property=\"article:modified_time\" content=\"2014-10-10T14:14:25+00:00\" \/>\n<meta property=\"og:image\" content=\"http:\/\/heroespark.org\/wp-content\/uploads\/2013\/06\/AR2006-H037-0029a-1024x678.jpg\" \/>\n<meta name=\"twitter:label1\" content=\"Est. reading time\" \/>\n\t<meta name=\"twitter:data1\" content=\"1 minute\" \/>\n<script type=\"application\/ld+json\" class=\"yoast-schema-graph\">{\"@context\":\"https:\\\/\\\/schema.org\",\"@graph\":[{\"@type\":\"WebPage\",\"@id\":\"https:\\\/\\\/www.heroesparkbeaconsfield.org\\\/en\\\/about-the-project\\\/community-testimonials\\\/\",\"url\":\"https:\\\/\\\/www.heroesparkbeaconsfield.org\\\/en\\\/about-the-project\\\/community-testimonials\\\/\",\"name\":\"Community Testimonials - Heroes&#039; Park of Beaconsfield\",\"isPartOf\":{\"@id\":\"https:\\\/\\\/www.heroesparkbeaconsfield.org\\\/en\\\/#website\"},\"primaryImageOfPage\":{\"@id\":\"https:\\\/\\\/www.heroesparkbeaconsfield.org\\\/en\\\/about-the-project\\\/community-testimonials\\\/#primaryimage\"},\"image\":{\"@id\":\"https:\\\/\\\/www.heroesparkbeaconsfield.org\\\/en\\\/about-the-project\\\/community-testimonials\\\/#primaryimage\"},\"thumbnailUrl\":\"http:\\\/\\\/heroespark.org\\\/wp-content\\\/uploads\\\/2013\\\/06\\\/AR2006-H037-0029a-1024x678.jpg\",\"datePublished\":\"2013-05-21T18:04:30+00:00\",\"dateModified\":\"2014-10-10T14:14:25+00:00\",\"breadcrumb\":{\"@id\":\"https:\\\/\\\/www.heroesparkbeaconsfield.org\\\/en\\\/about-the-project\\\/community-testimonials\\\/#breadcrumb\"},\"inLanguage\":\"en-US\",\"potentialAction\":[{\"@type\":\"ReadAction\",\"target\":[\"https:\\\/\\\/www.heroesparkbeaconsfield.org\\\/en\\\/about-the-project\\\/community-testimonials\\\/\"]}]},{\"@type\":\"ImageObject\",\"inLanguage\":\"en-US\",\"@id\":\"https:\\\/\\\/www.heroesparkbeaconsfield.org\\\/en\\\/about-the-project\\\/community-testimonials\\\/#primaryimage\",\"url\":\"http:\\\/\\\/heroespark.org\\\/wp-content\\\/uploads\\\/2013\\\/06\\\/AR2006-H037-0029a-1024x678.jpg\",\"contentUrl\":\"http:\\\/\\\/heroespark.org\\\/wp-content\\\/uploads\\\/2013\\\/06\\\/AR2006-H037-0029a-1024x678.jpg\"},{\"@type\":\"BreadcrumbList\",\"@id\":\"https:\\\/\\\/www.heroesparkbeaconsfield.org\\\/en\\\/about-the-project\\\/community-testimonials\\\/#breadcrumb\",\"itemListElement\":[{\"@type\":\"ListItem\",\"position\":1,\"name\":\"Home\",\"item\":\"https:\\\/\\\/www.heroesparkbeaconsfield.org\\\/en\\\/\"},{\"@type\":\"ListItem\",\"position\":2,\"name\":\"About the Project\",\"item\":\"https:\\\/\\\/www.heroesparkbeaconsfield.org\\\/en\\\/about-the-project\\\/\"},{\"@type\":\"ListItem\",\"position\":3,\"name\":\"Community Testimonials\"}]},{\"@type\":\"WebSite\",\"@id\":\"https:\\\/\\\/www.heroesparkbeaconsfield.org\\\/en\\\/#website\",\"url\":\"https:\\\/\\\/www.heroesparkbeaconsfield.org\\\/en\\\/\",\"name\":\"Heroes&#039; Park of Beaconsfield\",\"description\":\"Honouring Military, Police, Firefighters &amp; Paramedics\",\"potentialAction\":[{\"@type\":\"SearchAction\",\"target\":{\"@type\":\"EntryPoint\",\"urlTemplate\":\"https:\\\/\\\/www.heroesparkbeaconsfield.org\\\/en\\\/?s={search_term_string}\"},\"query-input\":{\"@type\":\"PropertyValueSpecification\",\"valueRequired\":true,\"valueName\":\"search_term_string\"}}],\"inLanguage\":\"en-US\"}]}<\/script>\n<!-- \/ Yoast SEO plugin. -->","yoast_head_json":{"title":"Community Testimonials - Heroes&#039; Park of Beaconsfield","robots":{"index":"index","follow":"follow","max-snippet":"max-snippet:-1","max-image-preview":"max-image-preview:large","max-video-preview":"max-video-preview:-1"},"canonical":"https:\/\/www.heroesparkbeaconsfield.org\/en\/about-the-project\/community-testimonials\/","og_locale":"en_US","og_type":"article","og_title":"Community Testimonials - Heroes&#039; Park of Beaconsfield","og_description":"Brigadier g\u00e9n\u00e9ral St\u00e9phane Lafaut, OMM, CSM, CD [VIEW] Council Resolution &#8211; City of Beaconsfield #2012-07-753 [VIEW] Mr. Georges Bourelle Mayor of Beaconsfield &#8230;","og_url":"https:\/\/www.heroesparkbeaconsfield.org\/en\/about-the-project\/community-testimonials\/","og_site_name":"Heroes&#039; Park of Beaconsfield","article_modified_time":"2014-10-10T14:14:25+00:00","og_image":[{"url":"http:\/\/heroespark.org\/wp-content\/uploads\/2013\/06\/AR2006-H037-0029a-1024x678.jpg","type":"","width":"","height":""}],"twitter_misc":{"Est. reading time":"1 minute"},"schema":{"@context":"https:\/\/schema.org","@graph":[{"@type":"WebPage","@id":"https:\/\/www.heroesparkbeaconsfield.org\/en\/about-the-project\/community-testimonials\/","url":"https:\/\/www.heroesparkbeaconsfield.org\/en\/about-the-project\/community-testimonials\/","name":"Community Testimonials - Heroes&#039; Park of Beaconsfield","isPartOf":{"@id":"https:\/\/www.heroesparkbeaconsfield.org\/en\/#website"},"primaryImageOfPage":{"@id":"https:\/\/www.heroesparkbeaconsfield.org\/en\/about-the-project\/community-testimonials\/#primaryimage"},"image":{"@id":"https:\/\/www.heroesparkbeaconsfield.org\/en\/about-the-project\/community-testimonials\/#primaryimage"},"thumbnailUrl":"http:\/\/heroespark.org\/wp-content\/uploads\/2013\/06\/AR2006-H037-0029a-1024x678.jpg","datePublished":"2013-05-21T18:04:30+00:00","dateModified":"2014-10-10T14:14:25+00:00","breadcrumb":{"@id":"https:\/\/www.heroesparkbeaconsfield.org\/en\/about-the-project\/community-testimonials\/#breadcrumb"},"inLanguage":"en-US","potentialAction":[{"@type":"ReadAction","target":["https:\/\/www.heroesparkbeaconsfield.org\/en\/about-the-project\/community-testimonials\/"]}]},{"@type":"ImageObject","inLanguage":"en-US","@id":"https:\/\/www.heroesparkbeaconsfield.org\/en\/about-the-project\/community-testimonials\/#primaryimage","url":"http:\/\/heroespark.org\/wp-content\/uploads\/2013\/06\/AR2006-H037-0029a-1024x678.jpg","contentUrl":"http:\/\/heroespark.org\/wp-content\/uploads\/2013\/06\/AR2006-H037-0029a-1024x678.jpg"},{"@type":"BreadcrumbList","@id":"https:\/\/www.heroesparkbeaconsfield.org\/en\/about-the-project\/community-testimonials\/#breadcrumb","itemListElement":[{"@type":"ListItem","position":1,"name":"Home","item":"https:\/\/www.heroesparkbeaconsfield.org\/en\/"},{"@type":"ListItem","position":2,"name":"About the Project","item":"https:\/\/www.heroesparkbeaconsfield.org\/en\/about-the-project\/"},{"@type":"ListItem","position":3,"name":"Community Testimonials"}]},{"@type":"WebSite","@id":"https:\/\/www.heroesparkbeaconsfield.org\/en\/#website","url":"https:\/\/www.heroesparkbeaconsfield.org\/en\/","name":"Heroes&#039; Park of Beaconsfield","description":"Honouring Military, Police, Firefighters &amp; Paramedics","potentialAction":[{"@type":"SearchAction","target":{"@type":"EntryPoint","urlTemplate":"https:\/\/www.heroesparkbeaconsfield.org\/en\/?s={search_term_string}"},"query-input":{"@type":"PropertyValueSpecification","valueRequired":true,"valueName":"search_term_string"}}],"inLanguage":"en-US"}]}},"jetpack_shortlink":"https:\/\/wp.me\/P3dz0I-1x","jetpack_sharing_enabled":false,"_links":{"self":[{"href":"https:\/\/www.heroesparkbeaconsfield.org\/en\/wp-json\/wp\/v2\/pages\/95","targetHints":{"allow":["GET"]}}],"collection":[{"href":"https:\/\/www.heroesparkbeaconsfield.org\/en\/wp-json\/wp\/v2\/pages"}],"about":[{"href":"https:\/\/www.heroesparkbeaconsfield.org\/en\/wp-json\/wp\/v2\/types\/page"}],"author":[{"embeddable":true,"href":"https:\/\/www.heroesparkbeaconsfield.org\/en\/wp-json\/wp\/v2\/users\/1"}],"replies":[{"embeddable":true,"href":"https:\/\/www.heroesparkbeaconsfield.org\/en\/wp-json\/wp\/v2\/comments?post=95"}],"version-history":[{"count":28,"href":"https:\/\/www.heroesparkbeaconsfield.org\/en\/wp-json\/wp\/v2\/pages\/95\/revisions"}],"predecessor-version":[{"id":681,"href":"https:\/\/www.heroesparkbeaconsfield.org\/en\/wp-json\/wp\/v2\/pages\/95\/revisions\/681"}],"up":[{"embeddable":true,"href":"https:\/\/www.heroesparkbeaconsfield.org\/en\/wp-json\/wp\/v2\/pages\/78"}],"wp:attachment":[{"href":"https:\/\/www.heroesparkbeaconsfield.org\/en\/wp-json\/wp\/v2\/media?parent=95"}],"curies":[{"name":"wp","href":"https:\/\/api.w.org\/{rel}","templated":true}]}}