{"id":20,"date":"2013-06-13T20:45:03","date_gmt":"2013-06-13T20:45:03","guid":{"rendered":"http:\/\/parcdesheros.org\/?page_id=20"},"modified":"2021-11-29T14:58:01","modified_gmt":"2021-11-29T14:58:01","slug":"bienvenue","status":"publish","type":"page","link":"https:\/\/www.heroesparkbeaconsfield.org\/fr\/","title":{"rendered":"Bienvenue"},"content":{"rendered":"<h2>Ag\u00e9 de sept ans, notre collecte de fonds se poursuit. Votre don, par l&#8217;achat d&#8217;une brique comm\u00e9morative, contribue \u00e0 notre c\u00e9r\u00e9monie annuelle du jour du souvenir. Merci<\/h2>\n<p>Si ce n\u2019est d\u00e9j\u00e0 fait, vous pouvez contribuer \u00e0 notre projet en achetant votre brique personnalis\u00e9e d\u00e8s aujourd\u2019hui! Cliquez sur le lien ci-dessous.<\/p>\n<p><a title=\"FAITES PARTIE DE L\u2019HISTOIRE\" href=\"http:\/\/www.heroesparkbeaconsfield.org\/fr\/faites-partie-de-lhistoire\/\"><img data-recalc-dims=\"1\" decoding=\"async\" src=\"https:\/\/i0.wp.com\/parcdesheros.org\/wp-content\/uploads\/2014\/05\/brick-home-fr.jpg?w=660\" alt=\"brick-home-fr\" \/><br \/>\n<\/a><\/p>\n<p><a href=\"http:\/\/www.hist-beaurepaire-beaconsfield.com\/en\/project\/heroes-park\" target=\"_blank\" rel=\"noopener noreferrer\">Faites une visite virtuelle du parc aujourd&#8217;hui!<\/a><\/p>\n<p style=\"text-align: center;\"><em>Produit par l&#8217;\u00e9quipe des affaires publiques de la <strong>d\u00e9fense nationale<\/strong>, un vid\u00e9o sur le projet :<\/em><\/p>\n<p><iframe loading=\"lazy\" title=\"Parc des h\u00e9ros partage\" width=\"660\" height=\"371\" src=\"https:\/\/www.youtube.com\/embed\/PYrApgcURZY?feature=oembed\" frameborder=\"0\" allow=\"accelerometer; autoplay; clipboard-write; encrypted-media; gyroscope; picture-in-picture; web-share\" referrerpolicy=\"strict-origin-when-cross-origin\" allowfullscreen><\/iframe><\/p>\n<p>Bienvenue sur le site du Comit\u00e9 des H\u00e9ros, un organisme sans but lucratif compos\u00e9 de citoyens n\u2019ayant aucune affiliation partisane et qui veulent, en proc\u00e9dant \u00e0 l\u2019\u00e9rection d\u2019un c\u00e9notaphe, comm\u00e9morer le souvenir de ceux qui ont servi et se sont sacrifi\u00e9s au service de la nation en temps de guerre et de paix.<\/p>\n<p>Un parc qui comm\u00e9morera et honorera les militaires et aussi nos protecteurs communautaires contemporains soit les policiers, pompiers et premiers r\u00e9pondants et fera la promotion du service public.<\/p>\n<h3>En collaboration avec<\/h3>\n<p><center><br \/>\n<a href=\"http:\/\/www.veterans.gc.ca\/\" target=\"_blank\" rel=\"noopener noreferrer\"><img data-recalc-dims=\"1\" loading=\"lazy\" decoding=\"async\" class=\"alignnone size-full wp-image-535\" src=\"https:\/\/i0.wp.com\/heroespark.org\/wp-content\/uploads\/2013\/01\/canada.png?resize=660%2C179\" alt=\"canada\" width=\"660\" height=\"179\" \/><\/a><a href=\"http:\/\/www.beaconsfield.ca\/\" target=\"_blank\" rel=\"noopener noreferrer\"><img data-recalc-dims=\"1\" loading=\"lazy\" decoding=\"async\" class=\"alignnone size-full wp-image-534\" src=\"https:\/\/i0.wp.com\/heroespark.org\/wp-content\/uploads\/2013\/01\/beaconsfield.png?resize=241%2C200\" alt=\"beaconsfield\" width=\"241\" height=\"200\" \/><\/a><br \/>\n<a href=\"http:\/\/www.desjardins.com\/\" target=\"_blank\" rel=\"noopener noreferrer\"><img data-recalc-dims=\"1\" decoding=\"async\" src=\"https:\/\/i0.wp.com\/heroespark.org\/wp-content\/uploads\/2014\/07\/desjardins.png?w=660\" \/><\/a><\/center><\/p>\n<h3>Fi\u00e8rement support\u00e9 par<\/h3>\n<p><center><br \/>\n<a href=\"http:\/\/www.taskmicro.com\/html\/about.html\" target=\"_blank\" rel=\"noopener noreferrer\"><img data-recalc-dims=\"1\" loading=\"lazy\" decoding=\"async\" class=\"alignnone size-full wp-image-537\" src=\"https:\/\/i0.wp.com\/heroespark.org\/wp-content\/uploads\/2013\/01\/task.png?resize=289%2C106\" alt=\"task\" width=\"289\" height=\"106\" \/><\/a><a href=\"http:\/\/www.fednav.com\/\" target=\"_blank\" rel=\"noopener noreferrer\"><img data-recalc-dims=\"1\" loading=\"lazy\" decoding=\"async\" class=\"alignnone size-full wp-image-536\" src=\"https:\/\/i0.wp.com\/heroespark.org\/wp-content\/uploads\/2013\/01\/fednav.png?resize=348%2C106\" alt=\"fednav\" width=\"348\" height=\"106\" \/><\/a><a href=\"http:\/\/groupebc2.ca\/\" target=\"_blank\" rel=\"noopener noreferrer\"><img data-recalc-dims=\"1\" loading=\"lazy\" decoding=\"async\" class=\"alignnone size-full wp-image-533\" src=\"https:\/\/i0.wp.com\/heroespark.org\/wp-content\/uploads\/2013\/01\/bc2.png?resize=245%2C106\" alt=\"bc2\" width=\"245\" height=\"106\" \/><\/a><br \/>\n<a href=\"http:\/\/www.aeromag2000.com\/\" target=\"_blank\" rel=\"noopener noreferrer\"><img data-recalc-dims=\"1\" loading=\"lazy\" decoding=\"async\" class=\"alignnone size-full wp-image-532\" src=\"https:\/\/i0.wp.com\/heroespark.org\/wp-content\/uploads\/2013\/01\/aeromag.png?resize=183%2C78\" alt=\"aeromag\" width=\"183\" height=\"78\" \/><\/a><a href=\"http:\/\/www.tenaquip.com\/\" target=\"_blank\" rel=\"noopener noreferrer\"><img data-recalc-dims=\"1\" loading=\"lazy\" decoding=\"async\" class=\"alignnone size-full wp-image-538\" src=\"https:\/\/i0.wp.com\/heroespark.org\/wp-content\/uploads\/2013\/01\/tenaquip.png?resize=374%2C78\" alt=\"tenaquip\" width=\"374\" height=\"78\" \/><\/a><a href=\"http:\/\/www.adventurelights.com\/\" target=\"_blank\" rel=\"noopener noreferrer\"><img data-recalc-dims=\"1\" loading=\"lazy\" decoding=\"async\" class=\"alignnone size-full wp-image-531\" src=\"https:\/\/i0.wp.com\/heroespark.org\/wp-content\/uploads\/2013\/01\/adventure.png?resize=213%2C78\" width=\"213\" height=\"78\" \/><\/a><br \/>\n<a href=\"http:\/\/www.discoveryair-ds.com\/\" target=\"_blank\" rel=\"noopener noreferrer\"><img data-recalc-dims=\"1\" decoding=\"async\" src=\"https:\/\/i0.wp.com\/heroespark.org\/wp-content\/uploads\/2013\/01\/dads.png?w=400\" alt=\"Discovery Air Defence Services\"  \/><\/a><a href=\"http:\/\/www.spsmtl.com\/\/\" target=\"_blank\" rel=\"noopener noreferrer\"><img data-recalc-dims=\"1\" decoding=\"async\" src=\"https:\/\/i0.wp.com\/heroespark.org\/wp-content\/uploads\/2014\/07\/irish.png?w=660\" \/><\/a><a title=\"Laurentide Controls\" href=\"http:\/\/www.laurentide.com\/home\/\" target=\"_blank\" rel=\"noopener noreferrer\"><img data-recalc-dims=\"1\" decoding=\"async\" src=\"https:\/\/i0.wp.com\/heroespark.org\/wp-content\/uploads\/2013\/01\/laurentide.png?w=660\" alt=\"laurentide controls canada\" \/><\/a><br \/>\n<a href=\"http:\/\/www.admtl.com\/\" target=\"_blank\" rel=\"noopener noreferrer\"><img data-recalc-dims=\"1\" loading=\"lazy\" decoding=\"async\" class=\"alignnone size-full wp-image-550\" src=\"https:\/\/i0.wp.com\/heroespark.org\/wp-content\/uploads\/2013\/01\/01adm.png?resize=210%2C83\" alt=\"01adm\" width=\"210\" height=\"83\" \/><\/a><a href=\"http:\/\/easterncanada.cummins.com\/wps\/portal\/easterncanada\" target=\"_blank\" rel=\"noopener noreferrer\"><img data-recalc-dims=\"1\" loading=\"lazy\" decoding=\"async\" class=\"alignnone size-full wp-image-551\" src=\"https:\/\/i0.wp.com\/heroespark.org\/wp-content\/uploads\/2013\/01\/02cumm.png?resize=161%2C83\" alt=\"02cumm\" width=\"161\" height=\"83\" \/><\/a><a href=\"http:\/\/www.artillery.net\/beta\/3bam\/\" target=\"_blank\" rel=\"noopener noreferrer\"><img data-recalc-dims=\"1\" loading=\"lazy\" decoding=\"async\" class=\"alignnone size-full wp-image-553\" src=\"https:\/\/i0.wp.com\/heroespark.org\/wp-content\/uploads\/2013\/01\/033bam.png?resize=92%2C83\" alt=\"033bam\" width=\"92\" height=\"83\" \/><\/a><a href=\"http:\/\/www.r22er.com\/institutions\/fondation_general_vanier\/fondation_vanier.htm\" target=\"_blank\" rel=\"noopener noreferrer\"><img data-recalc-dims=\"1\" loading=\"lazy\" decoding=\"async\" class=\"alignnone size-full wp-image-557\" src=\"https:\/\/i0.wp.com\/heroespark.org\/wp-content\/uploads\/2014\/03\/vanier.png?resize=155%2C83\" alt=\"vanier\" width=\"155\" height=\"83\" \/><\/a><a href=\"http:\/\/zedmolabs.com\/\" target=\"_blank\" rel=\"noopener noreferrer\"><img data-recalc-dims=\"1\" loading=\"lazy\" decoding=\"async\" class=\"alignnone size-full wp-image-554\" src=\"https:\/\/i0.wp.com\/heroespark.org\/wp-content\/uploads\/2013\/01\/zedmo.png?resize=137%2C83\" alt=\"zedmo\" width=\"137\" height=\"83\" \/><\/a><\/center><em>James F Bonnell et Famille<\/em><img data-recalc-dims=\"1\" decoding=\"async\" src=\"https:\/\/i0.wp.com\/heroespark.org\/wp-content\/uploads\/2013\/10\/AR2010-0144-05.jpg?w=660\" alt=\"\"  \/><\/p>\n","protected":false},"excerpt":{"rendered":"<p>Ag\u00e9 de sept ans, notre collecte de fonds se poursuit. Votre don, par l&#8217;achat d&#8217;une brique comm\u00e9morative, contribue \u00e0 notre c\u00e9r\u00e9monie annuelle du jour du souvenir. Merci Si ce n\u2019est d\u00e9j\u00e0 fait, vous pouvez contribuer \u00e0 notre projet en achetant votre brique personnalis\u00e9e d\u00e8s aujourd\u2019hui! Cliquez sur le lien ci-dessous. &#8230;<\/p>\n","protected":false},"author":1,"featured_media":0,"parent":0,"menu_order":0,"comment_status":"closed","ping_status":"open","template":"","meta":{"jetpack_post_was_ever_published":false,"footnotes":""},"class_list":["post-20","page","type-page","status-publish","hentry","column","twocol"],"jetpack_shortlink":"https:\/\/wp.me\/P3DNsS-k","jetpack_sharing_enabled":true,"_links":{"self":[{"href":"https:\/\/www.heroesparkbeaconsfield.org\/fr\/wp-json\/wp\/v2\/pages\/20","targetHints":{"allow":["GET"]}}],"collection":[{"href":"https:\/\/www.heroesparkbeaconsfield.org\/fr\/wp-json\/wp\/v2\/pages"}],"about":[{"href":"https:\/\/www.heroesparkbeaconsfield.org\/fr\/wp-json\/wp\/v2\/types\/page"}],"author":[{"embeddable":true,"href":"https:\/\/www.heroesparkbeaconsfield.org\/fr\/wp-json\/wp\/v2\/users\/1"}],"replies":[{"embeddable":true,"href":"https:\/\/www.heroesparkbeaconsfield.org\/fr\/wp-json\/wp\/v2\/comments?post=20"}],"version-history":[{"count":50,"href":"https:\/\/www.heroesparkbeaconsfield.org\/fr\/wp-json\/wp\/v2\/pages\/20\/revisions"}],"predecessor-version":[{"id":454,"href":"https:\/\/www.heroesparkbeaconsfield.org\/fr\/wp-json\/wp\/v2\/pages\/20\/revisions\/454"}],"wp:attachment":[{"href":"https:\/\/www.heroesparkbeaconsfield.org\/fr\/wp-json\/wp\/v2\/media?parent=20"}],"curies":[{"name":"wp","href":"https:\/\/api.w.org\/{rel}","templated":true}]}}