{"id":295,"date":"2014-05-16T02:19:59","date_gmt":"2014-05-16T02:19:59","guid":{"rendered":"http:\/\/parcdesheros.org\/?page_id=295"},"modified":"2014-06-10T13:33:17","modified_gmt":"2014-06-10T13:33:17","slug":"faites-partie-de-lhistoire","status":"publish","type":"page","link":"https:\/\/www.heroesparkbeaconsfield.org\/fr\/faites-partie-de-lhistoire\/","title":{"rendered":"FAITES PARTIE DE L&#8217;HISTOIRE"},"content":{"rendered":"<p style=\"text-align: center;\"><em>Pour un don de 150 $, une brique grav\u00e9e \u00e0 votre nom ou celui de votre organisation sera plac\u00e9e le long des all\u00e9es du parc des H\u00e9ros.<\/em><\/p>\n<p>Le parc des H\u00e9ros sera \u00e0 Beaconsfield, dans le Parc Shore qui est en face du parc Centennial. Nous allons faire la construction au cours de l&#8217;\u00e9t\u00e9 pour une ouverture vers la fin sept 2014.<\/p>\n<p>Si vous souhaitez imprimer un bon de commande et nous l&#8217;envoyer, s&#8217;il vous pla\u00eet le faire <a href=\"http:\/\/parcdesheros.org\/wp-content\/uploads\/2014\/05\/Parcdesheros_pub_VFinal_FR.pdf\">en cliquant ici<\/a>.<\/p>\n<p>Pour les commandes en ligne, vous recevrez une demande de confirmation par courriel.<\/p>\n<p><strong>Il suffit d&#8217;entrer votre adresse courriel ici bas et de cliquer sur \u00ab Cliquez ici pour passer votre commande \u00bb. Vous serez dirig\u00e9 vers notre page de paiement s\u00e9curis\u00e9e, sur le site PayPal. Pri\u00e8re de noter, toutes les cartes de cr\u00e9dit sont accept\u00e9es et vous n&#8217;avez pas besoin d&#8217;un compte PayPal pour faire votre paiement. Une fois le paiement effectu\u00e9, PayPal vous redirigera vers notre site afin de poursuivre la capture des informations pour votre brique.<\/strong><\/p>\n<p>Merci de votre appui \u00e0 cette comm\u00e9moration du service et des sacrifices de nos h\u00e9ros, pass\u00e9s, pr\u00e9sents et futurs.<\/p>\n<p><center><\/p>\n<form action=\"https:\/\/www.paypal.com\/cgi-bin\/webscr\" method=\"post\" target=\"_top\">\n<input type=\"hidden\" name=\"cmd\" value=\"_s-xclick\"><br \/>\n<input type=\"hidden\" name=\"hosted_button_id\" value=\"345V3U8G6RKSS\"><\/p>\n<table>\n<tr>\n<td><input type=\"hidden\" name=\"on0\" value=\"Votre courriel :\">Votre courriel :<\/td>\n<\/tr>\n<tr>\n<td><input type=\"text\" name=\"os0\" maxlength=\"200\"><\/td>\n<\/tr>\n<\/table>\n<p><input type=\"image\" src=\"http:\/\/parcdesheros.org\/wp-content\/uploads\/2014\/05\/brick-order-fr.jpg\" border=\"0\" name=\"submit\" alt=\"PayPal - The safer, easier way to pay online!\"><br \/>\n<img loading=\"lazy\" decoding=\"async\" alt=\"\" border=\"0\" src=\"https:\/\/www.paypalobjects.com\/en_US\/i\/scr\/pixel.gif\" width=\"1\" height=\"1\"><br \/>\n<\/form>\n<p><\/center><\/p>\n<p><em>Votre information priv\u00e9e est pour le programme des briques seulement \u2014 le comit\u00e9 des H\u00e9ros ne partage pas d&#8217;information avec aucune autre organisation.<\/em><\/p>\n","protected":false},"excerpt":{"rendered":"<p>Pour un don de 150 $, une brique grav\u00e9e \u00e0 votre nom ou celui de votre organisation sera plac\u00e9e le long des all\u00e9es du parc des H\u00e9ros. Le parc des H\u00e9ros sera \u00e0 Beaconsfield, dans le Parc Shore qui est en face du parc Centennial. Nous allons faire la construction &#8230;<\/p>\n","protected":false},"author":1,"featured_media":0,"parent":0,"menu_order":0,"comment_status":"closed","ping_status":"open","template":"","meta":{"jetpack_post_was_ever_published":false,"footnotes":""},"class_list":["post-295","page","type-page","status-publish","hentry","column","twocol"],"jetpack_shortlink":"https:\/\/wp.me\/P3DNsS-4L","jetpack_sharing_enabled":true,"_links":{"self":[{"href":"https:\/\/www.heroesparkbeaconsfield.org\/fr\/wp-json\/wp\/v2\/pages\/295","targetHints":{"allow":["GET"]}}],"collection":[{"href":"https:\/\/www.heroesparkbeaconsfield.org\/fr\/wp-json\/wp\/v2\/pages"}],"about":[{"href":"https:\/\/www.heroesparkbeaconsfield.org\/fr\/wp-json\/wp\/v2\/types\/page"}],"author":[{"embeddable":true,"href":"https:\/\/www.heroesparkbeaconsfield.org\/fr\/wp-json\/wp\/v2\/users\/1"}],"replies":[{"embeddable":true,"href":"https:\/\/www.heroesparkbeaconsfield.org\/fr\/wp-json\/wp\/v2\/comments?post=295"}],"version-history":[{"count":6,"href":"https:\/\/www.heroesparkbeaconsfield.org\/fr\/wp-json\/wp\/v2\/pages\/295\/revisions"}],"predecessor-version":[{"id":322,"href":"https:\/\/www.heroesparkbeaconsfield.org\/fr\/wp-json\/wp\/v2\/pages\/295\/revisions\/322"}],"wp:attachment":[{"href":"https:\/\/www.heroesparkbeaconsfield.org\/fr\/wp-json\/wp\/v2\/media?parent=295"}],"curies":[{"name":"wp","href":"https:\/\/api.w.org\/{rel}","templated":true}]}}