{"id":32,"date":"2013-06-13T21:44:26","date_gmt":"2013-06-13T21:44:26","guid":{"rendered":"http:\/\/parcdesheros.org\/?page_id=32"},"modified":"2014-09-02T18:10:12","modified_gmt":"2014-09-02T18:10:12","slug":"honorant-ceux-qui-ont-servi","status":"publish","type":"page","link":"https:\/\/www.heroesparkbeaconsfield.org\/fr\/a-propos-du-projet\/honorant-ceux-qui-ont-servi\/","title":{"rendered":"Honorant ceux qui ont servi"},"content":{"rendered":"<p>Le Comit\u00e9 des H\u00e9ros est un organisme sans but lucratif, compos\u00e9 de citoyens n\u2019ayant aucune affiliation partisane et qui veulent,<br \/>\nen proc\u00e9dant \u00e0 l\u2019\u00e9rection d\u2019un c\u00e9notaphe, comm\u00e9morer le souvenir de ceux qui ont servi et se sont sacrifi\u00e9s au service de la nation en temps de guerre et de paix.<\/p>\n<p><img data-recalc-dims=\"1\" loading=\"lazy\" decoding=\"async\" data-attachment-id=\"359\" data-permalink=\"https:\/\/www.heroesparkbeaconsfield.org\/fr\/a-propos-du-projet\/honorant-ceux-qui-ont-servi\/urgence-pic-2\/\" data-orig-file=\"https:\/\/i0.wp.com\/www.heroesparkbeaconsfield.org\/fr\/wp-content\/uploads\/2013\/06\/Urgence-pic-2.jpg?fit=3370%2C2246&amp;ssl=1\" data-orig-size=\"3370,2246\" data-comments-opened=\"1\" data-image-meta=\"{&quot;aperture&quot;:&quot;0&quot;,&quot;credit&quot;:&quot;&quot;,&quot;camera&quot;:&quot;&quot;,&quot;caption&quot;:&quot;&quot;,&quot;created_timestamp&quot;:&quot;0&quot;,&quot;copyright&quot;:&quot;Copyright: MARCPHOTOS.COM&quot;,&quot;focal_length&quot;:&quot;0&quot;,&quot;iso&quot;:&quot;0&quot;,&quot;shutter_speed&quot;:&quot;0&quot;,&quot;title&quot;:&quot;&quot;}\" data-image-title=\"Urgence pic 2\" data-image-description=\"\" data-image-caption=\"\" data-medium-file=\"https:\/\/i0.wp.com\/www.heroesparkbeaconsfield.org\/fr\/wp-content\/uploads\/2013\/06\/Urgence-pic-2.jpg?fit=300%2C199&amp;ssl=1\" data-large-file=\"https:\/\/i0.wp.com\/www.heroesparkbeaconsfield.org\/fr\/wp-content\/uploads\/2013\/06\/Urgence-pic-2.jpg?fit=660%2C440&amp;ssl=1\" src=\"https:\/\/i0.wp.com\/parcdesheros.org\/wp-content\/uploads\/2013\/06\/Urgence-pic-2-1024x682.jpg?resize=660%2C439\" alt=\"Urgence pic 2\" width=\"660\" height=\"439\" class=\"aligncenter size-large wp-image-359\" srcset=\"https:\/\/i0.wp.com\/www.heroesparkbeaconsfield.org\/fr\/wp-content\/uploads\/2013\/06\/Urgence-pic-2.jpg?resize=1024%2C682&amp;ssl=1 1024w, https:\/\/i0.wp.com\/www.heroesparkbeaconsfield.org\/fr\/wp-content\/uploads\/2013\/06\/Urgence-pic-2.jpg?resize=300%2C199&amp;ssl=1 300w, https:\/\/i0.wp.com\/www.heroesparkbeaconsfield.org\/fr\/wp-content\/uploads\/2013\/06\/Urgence-pic-2.jpg?resize=700%2C466&amp;ssl=1 700w, https:\/\/i0.wp.com\/www.heroesparkbeaconsfield.org\/fr\/wp-content\/uploads\/2013\/06\/Urgence-pic-2.jpg?resize=332%2C221&amp;ssl=1 332w, https:\/\/i0.wp.com\/www.heroesparkbeaconsfield.org\/fr\/wp-content\/uploads\/2013\/06\/Urgence-pic-2.jpg?w=1320 1320w, https:\/\/i0.wp.com\/www.heroesparkbeaconsfield.org\/fr\/wp-content\/uploads\/2013\/06\/Urgence-pic-2.jpg?w=1980 1980w\" sizes=\"auto, (max-width: 660px) 100vw, 660px\" \/><\/p>\n<p><img data-recalc-dims=\"1\" loading=\"lazy\" decoding=\"async\" data-attachment-id=\"160\" data-permalink=\"https:\/\/www.heroesparkbeaconsfield.org\/fr\/photos-de-la-conference-de-presse-2\/attachment\/015\/\" data-orig-file=\"https:\/\/i0.wp.com\/www.heroesparkbeaconsfield.org\/fr\/wp-content\/uploads\/2013\/10\/015.jpg?fit=1200%2C801&amp;ssl=1\" data-orig-size=\"1200,801\" data-comments-opened=\"1\" data-image-meta=\"{&quot;aperture&quot;:&quot;0&quot;,&quot;credit&quot;:&quot;&quot;,&quot;camera&quot;:&quot;&quot;,&quot;caption&quot;:&quot;&quot;,&quot;created_timestamp&quot;:&quot;0&quot;,&quot;copyright&quot;:&quot;&quot;,&quot;focal_length&quot;:&quot;0&quot;,&quot;iso&quot;:&quot;0&quot;,&quot;shutter_speed&quot;:&quot;0&quot;,&quot;title&quot;:&quot;&quot;}\" data-image-title=\"015\" data-image-description=\"\" data-image-caption=\"\" data-medium-file=\"https:\/\/i0.wp.com\/www.heroesparkbeaconsfield.org\/fr\/wp-content\/uploads\/2013\/10\/015.jpg?fit=300%2C200&amp;ssl=1\" data-large-file=\"https:\/\/i0.wp.com\/www.heroesparkbeaconsfield.org\/fr\/wp-content\/uploads\/2013\/10\/015.jpg?fit=660%2C440&amp;ssl=1\" src=\"https:\/\/i0.wp.com\/heroespark.org\/wp-content\/uploads\/2013\/06\/120722-M-VB788-092-1024x682.jpg?resize=660%2C439\" alt=\"RIMPAC 2012\" width=\"660\" height=\"439\" class=\"aligncenter size-large wp-image-160\" \/><\/p>\n<p>De par leurs services et sacrifices, le Parc soulignera l\u2019apport important des militaires, policiers, pompiers, premiers r\u00e9pondants ainsi que b\u00e9n\u00e9voles \u00e0 la communaut\u00e9 et \u00e0 la Nation Canadienne.<\/p>\n<p><img data-recalc-dims=\"1\" loading=\"lazy\" decoding=\"async\" data-attachment-id=\"191\" data-permalink=\"https:\/\/www.heroesparkbeaconsfield.org\/fr\/photos-de-la-conference-de-presse-2\/dsc_0569\/\" data-orig-file=\"https:\/\/i0.wp.com\/www.heroesparkbeaconsfield.org\/fr\/wp-content\/uploads\/2013\/10\/DSC_0569.jpg?fit=1200%2C800&amp;ssl=1\" data-orig-size=\"1200,800\" data-comments-opened=\"1\" data-image-meta=\"{&quot;aperture&quot;:&quot;0&quot;,&quot;credit&quot;:&quot;&quot;,&quot;camera&quot;:&quot;&quot;,&quot;caption&quot;:&quot;&quot;,&quot;created_timestamp&quot;:&quot;0&quot;,&quot;copyright&quot;:&quot;&quot;,&quot;focal_length&quot;:&quot;0&quot;,&quot;iso&quot;:&quot;0&quot;,&quot;shutter_speed&quot;:&quot;0&quot;,&quot;title&quot;:&quot;&quot;}\" data-image-title=\"DSC_0569\" data-image-description=\"\" data-image-caption=\"\" data-medium-file=\"https:\/\/i0.wp.com\/www.heroesparkbeaconsfield.org\/fr\/wp-content\/uploads\/2013\/10\/DSC_0569.jpg?fit=300%2C200&amp;ssl=1\" data-large-file=\"https:\/\/i0.wp.com\/www.heroesparkbeaconsfield.org\/fr\/wp-content\/uploads\/2013\/10\/DSC_0569.jpg?fit=660%2C440&amp;ssl=1\" src=\"https:\/\/i0.wp.com\/heroespark.org\/wp-content\/uploads\/2013\/02\/Mig-1-1024x682.jpg?resize=660%2C439\" alt=\"Mig 1\" width=\"660\" height=\"439\" class=\"aligncenter size-large wp-image-191\" \/><\/p>\n<p>Le financement du projet proviendra de dons priv\u00e9s et corporatifs de m\u00eame que de programmes de subventions publics.<\/p>\n<p><img data-recalc-dims=\"1\" loading=\"lazy\" decoding=\"async\" src=\"https:\/\/i0.wp.com\/heroespark.org\/wp-content\/uploads\/2013\/02\/IS2007-0467-1024x680.jpeg?resize=660%2C438\" alt=\"IS2007-0467\" width=\"660\" height=\"438\" class=\"aligncenter size-large wp-image-295\" \/><\/p>\n","protected":false},"excerpt":{"rendered":"<p>Le Comit\u00e9 des H\u00e9ros est un organisme sans but lucratif, compos\u00e9 de citoyens n\u2019ayant aucune affiliation partisane et qui veulent, en proc\u00e9dant \u00e0 l\u2019\u00e9rection d\u2019un c\u00e9notaphe, comm\u00e9morer le souvenir de ceux qui ont servi et se sont sacrifi\u00e9s au service de la nation en temps de guerre et de paix. &#8230;<\/p>\n","protected":false},"author":1,"featured_media":0,"parent":24,"menu_order":0,"comment_status":"closed","ping_status":"open","template":"","meta":{"jetpack_post_was_ever_published":false,"footnotes":""},"class_list":["post-32","page","type-page","status-publish","hentry","column","twocol"],"jetpack_shortlink":"https:\/\/wp.me\/P3DNsS-w","jetpack_sharing_enabled":true,"_links":{"self":[{"href":"https:\/\/www.heroesparkbeaconsfield.org\/fr\/wp-json\/wp\/v2\/pages\/32","targetHints":{"allow":["GET"]}}],"collection":[{"href":"https:\/\/www.heroesparkbeaconsfield.org\/fr\/wp-json\/wp\/v2\/pages"}],"about":[{"href":"https:\/\/www.heroesparkbeaconsfield.org\/fr\/wp-json\/wp\/v2\/types\/page"}],"author":[{"embeddable":true,"href":"https:\/\/www.heroesparkbeaconsfield.org\/fr\/wp-json\/wp\/v2\/users\/1"}],"replies":[{"embeddable":true,"href":"https:\/\/www.heroesparkbeaconsfield.org\/fr\/wp-json\/wp\/v2\/comments?post=32"}],"version-history":[{"count":9,"href":"https:\/\/www.heroesparkbeaconsfield.org\/fr\/wp-json\/wp\/v2\/pages\/32\/revisions"}],"predecessor-version":[{"id":362,"href":"https:\/\/www.heroesparkbeaconsfield.org\/fr\/wp-json\/wp\/v2\/pages\/32\/revisions\/362"}],"up":[{"embeddable":true,"href":"https:\/\/www.heroesparkbeaconsfield.org\/fr\/wp-json\/wp\/v2\/pages\/24"}],"wp:attachment":[{"href":"https:\/\/www.heroesparkbeaconsfield.org\/fr\/wp-json\/wp\/v2\/media?parent=32"}],"curies":[{"name":"wp","href":"https:\/\/api.w.org\/{rel}","templated":true}]}}