{"id":45,"date":"2013-08-28T20:37:43","date_gmt":"2013-08-28T20:37:43","guid":{"rendered":"http:\/\/parcdesheros.org\/?page_id=45"},"modified":"2020-03-31T15:30:17","modified_gmt":"2020-03-31T15:30:17","slug":"comment-puis-je-appuyer","status":"publish","type":"page","link":"https:\/\/www.heroesparkbeaconsfield.org\/fr\/comment-puis-je-appuyer\/","title":{"rendered":"Comment puis-je appuyer?"},"content":{"rendered":"<p><iframe loading=\"lazy\" title=\"Parc des h\u00e9ros partage\" width=\"660\" height=\"371\" src=\"https:\/\/www.youtube.com\/embed\/PYrApgcURZY?feature=oembed\" frameborder=\"0\" allow=\"accelerometer; autoplay; clipboard-write; encrypted-media; gyroscope; picture-in-picture; web-share\" referrerpolicy=\"strict-origin-when-cross-origin\" allowfullscreen><\/iframe><\/p>\n<p>Les individus et les compagnies peuvent appuyer le projet du Parc des H\u00e9ros.<\/p>\n<p><strong>Pour les dons :<\/strong><\/p>\n<p>Comit\u00e9 des H\u00e9ros &#8211; Heroes Committee<br \/>\nAtt : Maj Richard Gratton, Pr\u00e9sident<br \/>\nCourriel : <a href=\"mailto:parcherosbeaconsfield@gmail.com\">parcherosbeaconsfield@gmail.com<\/a><\/p>\n<p>T\u00e9l\u00e9phone : (514) 775-2793<\/p>\n<p>SVP, libeller les ch\u00e8ques \u00e0 l\u2019ordre de Comit\u00e9 des H\u00e9ros (Organisme sans but lucratif &#8211; Qu\u00e9bec # 1168205087)<\/p>\n<p><img data-recalc-dims=\"1\" height=\"629\" width=\"660\" decoding=\"async\" src=\"https:\/\/i0.wp.com\/heroespark.org\/wp-content\/uploads\/2013\/06\/Apr-12-Roto-8-513-1024x976.jpg?resize=660%2C629\" \/><\/p>\n","protected":false},"excerpt":{"rendered":"<p>Les individus et les compagnies peuvent appuyer le projet du Parc des H\u00e9ros. Pour les dons : Comit\u00e9 des H\u00e9ros &#8211; Heroes Committee Att : Maj Richard Gratton, Pr\u00e9sident Courriel : parcherosbeaconsfield@gmail.com T\u00e9l\u00e9phone : (514) 775-2793 SVP, libeller les ch\u00e8ques \u00e0 l\u2019ordre de Comit\u00e9 des H\u00e9ros (Organisme sans but lucratif &#8230;<\/p>\n","protected":false},"author":1,"featured_media":0,"parent":0,"menu_order":0,"comment_status":"closed","ping_status":"open","template":"","meta":{"jetpack_post_was_ever_published":false,"footnotes":""},"class_list":["post-45","page","type-page","status-publish","hentry","column","twocol"],"jetpack_shortlink":"https:\/\/wp.me\/P3DNsS-J","jetpack_sharing_enabled":true,"_links":{"self":[{"href":"https:\/\/www.heroesparkbeaconsfield.org\/fr\/wp-json\/wp\/v2\/pages\/45","targetHints":{"allow":["GET"]}}],"collection":[{"href":"https:\/\/www.heroesparkbeaconsfield.org\/fr\/wp-json\/wp\/v2\/pages"}],"about":[{"href":"https:\/\/www.heroesparkbeaconsfield.org\/fr\/wp-json\/wp\/v2\/types\/page"}],"author":[{"embeddable":true,"href":"https:\/\/www.heroesparkbeaconsfield.org\/fr\/wp-json\/wp\/v2\/users\/1"}],"replies":[{"embeddable":true,"href":"https:\/\/www.heroesparkbeaconsfield.org\/fr\/wp-json\/wp\/v2\/comments?post=45"}],"version-history":[{"count":8,"href":"https:\/\/www.heroesparkbeaconsfield.org\/fr\/wp-json\/wp\/v2\/pages\/45\/revisions"}],"predecessor-version":[{"id":443,"href":"https:\/\/www.heroesparkbeaconsfield.org\/fr\/wp-json\/wp\/v2\/pages\/45\/revisions\/443"}],"wp:attachment":[{"href":"https:\/\/www.heroesparkbeaconsfield.org\/fr\/wp-json\/wp\/v2\/media?parent=45"}],"curies":[{"name":"wp","href":"https:\/\/api.w.org\/{rel}","templated":true}]}}