{"id":53,"date":"2013-08-28T20:46:54","date_gmt":"2013-08-28T20:46:54","guid":{"rendered":"http:\/\/parcdesheros.org\/?page_id=53"},"modified":"2021-11-29T14:55:27","modified_gmt":"2021-11-29T14:55:27","slug":"comite-des-heros","status":"publish","type":"page","link":"https:\/\/www.heroesparkbeaconsfield.org\/fr\/a-propos-du-projet\/comite-des-heros\/","title":{"rendered":"Comit\u00e9 des H\u00e9ros"},"content":{"rendered":"<p><img data-recalc-dims=\"1\" loading=\"lazy\" decoding=\"async\" class=\"alignright size-full wp-image-490\" src=\"https:\/\/i0.wp.com\/heroespark.org\/wp-content\/uploads\/2013\/02\/DSCF6299.jpg?resize=640%2C458\" alt=\"Canadian Air Force\" width=\"640\" height=\"458\" \/><\/p>\n<p><img data-recalc-dims=\"1\" loading=\"lazy\" decoding=\"async\" class=\"alignright size-full wp-image-271\" src=\"https:\/\/i0.wp.com\/heroespark.org\/wp-content\/uploads\/2013\/02\/silouette-.jpg?resize=640%2C427\" alt=\"silouette\" width=\"640\" height=\"427\" \/><\/p>\n<p><img data-recalc-dims=\"1\" loading=\"lazy\" decoding=\"async\" class=\"alignright size-full wp-image-298\" src=\"https:\/\/i0.wp.com\/heroespark.org\/wp-content\/uploads\/2013\/02\/AR2007-T011-05.jpg?resize=640%2C427\" alt=\"AR2007-T011-05\" width=\"640\" height=\"427\" \/>Un Organisme sans but lucratif non partisan, le comit\u00e9 des h\u00e9ros est compos\u00e9 des volontaires suivant :<\/p>\n<p><strong>Major Richard Gratton, CD, RCA<\/strong><br \/>\nPr\u00e9sident<\/p>\n<p><strong>M. Dennis Pfeffer<\/strong><br \/>\nVice-Pr\u00e9sident<\/p>\n<p><strong>Captain Mark Whittall<\/strong><br \/>\nVice-Pr\u00e9sident<\/p>\n<p><strong>Sgt. Frederick Jennings, SPVM<\/strong><br \/>\nLiaison<\/p>\n<p><strong>M. Claude Lafond<\/strong><br \/>\nCommunications<\/p>\n<p><strong>Adjuc (Ret&#8217;d) Gilles Aub\u00e9, MMM CD, RCA<\/strong><br \/>\nLiaison<\/p>\n<p><strong>M. Michel Robert &#8211; Service des Incendies de Montr\u00e9al<\/strong><br \/>\nLiaison<\/p>\n<p><strong>M. Daniel Garvin &#8211; Urgences Sant\u00e9<\/strong><br \/>\nLiaison<\/p>\n<p><strong>Seargent (Ret\u2019d) Kevin McCready, SPVM<\/strong><br \/>\nRoyal Canadian Legion<\/p>\n<p><strong>M. Kristopher Parent<\/strong><br \/>\nArchitecte<\/p>\n<p><strong>M. Daniel Wolfe<\/strong><br \/>\nConception Web<\/p>\n<p><strong>M. Dennis Pfeffer<\/strong><br \/>\nLev\u00e9e de fonds<\/p>\n<p><strong>M. Wayne Belvedere<\/strong><br \/>\nLev\u00e9e de fonds<\/p>\n<p><strong>Cpl Christian Habel (Ret) RCMP<\/strong><br \/>\nLiaison<\/p>\n<p><strong>M. Dave Wakely<\/strong><br \/>\nLiaison<\/p>\n<p><strong>Mme. Camille Habel<\/strong><br \/>\nLiaison GRC<\/p>\n<h3>Affiliated Supporters<\/h3>\n<p><strong>Me. Jocelyne Provost<\/strong><br \/>\nCounsel to the Project<\/p>\n<p><strong>Mme. Rs Patterson<\/strong><br \/>\nBeaconsfield High School<\/p>\n<p><strong>M. S Marcotte<\/strong><br \/>\nBeaconsfield High School<\/p>\n<p><strong>Mme. Barclay<\/strong><br \/>\n<a title=\"Soci\u00e9t\u00e9 historique Beaurepaire-Beaconsfield\" href=\"http:\/\/www.hist-beaurepaire-beaconsfield.com\/index.php\/fr\" target=\"_blank\" rel=\"noopener noreferrer\">Soci\u00e9t\u00e9 historique Beaurepaire-Beaconsfield<\/a><\/p>\n<p><strong>M. Andrew Hannah<\/strong><br \/>\nBeaconsfield High School<\/p>\n<p>Merci aux anciens membres :<\/p>\n<p>Lieutenant Colonel (Ret\u2019d) Terry Montague, CD, MD<br \/>\nConstable Jacques Monast, SPVM<\/p>\n","protected":false},"excerpt":{"rendered":"<p>Un Organisme sans but lucratif non partisan, le comit\u00e9 des h\u00e9ros est compos\u00e9 des volontaires suivant : Major Richard Gratton, CD, RCA Pr\u00e9sident M. Dennis Pfeffer Vice-Pr\u00e9sident Captain Mark Whittall Vice-Pr\u00e9sident Sgt. Frederick Jennings, SPVM Liaison M. Claude Lafond Communications Adjuc (Ret&#8217;d) Gilles Aub\u00e9, MMM CD, RCA Liaison M. Michel &#8230;<\/p>\n","protected":false},"author":1,"featured_media":0,"parent":24,"menu_order":0,"comment_status":"closed","ping_status":"open","template":"","meta":{"jetpack_post_was_ever_published":false,"footnotes":""},"class_list":["post-53","page","type-page","status-publish","hentry","column","twocol"],"jetpack_shortlink":"https:\/\/wp.me\/P3DNsS-R","jetpack_sharing_enabled":true,"_links":{"self":[{"href":"https:\/\/www.heroesparkbeaconsfield.org\/fr\/wp-json\/wp\/v2\/pages\/53","targetHints":{"allow":["GET"]}}],"collection":[{"href":"https:\/\/www.heroesparkbeaconsfield.org\/fr\/wp-json\/wp\/v2\/pages"}],"about":[{"href":"https:\/\/www.heroesparkbeaconsfield.org\/fr\/wp-json\/wp\/v2\/types\/page"}],"author":[{"embeddable":true,"href":"https:\/\/www.heroesparkbeaconsfield.org\/fr\/wp-json\/wp\/v2\/users\/1"}],"replies":[{"embeddable":true,"href":"https:\/\/www.heroesparkbeaconsfield.org\/fr\/wp-json\/wp\/v2\/comments?post=53"}],"version-history":[{"count":18,"href":"https:\/\/www.heroesparkbeaconsfield.org\/fr\/wp-json\/wp\/v2\/pages\/53\/revisions"}],"predecessor-version":[{"id":453,"href":"https:\/\/www.heroesparkbeaconsfield.org\/fr\/wp-json\/wp\/v2\/pages\/53\/revisions\/453"}],"up":[{"embeddable":true,"href":"https:\/\/www.heroesparkbeaconsfield.org\/fr\/wp-json\/wp\/v2\/pages\/24"}],"wp:attachment":[{"href":"https:\/\/www.heroesparkbeaconsfield.org\/fr\/wp-json\/wp\/v2\/media?parent=53"}],"curies":[{"name":"wp","href":"https:\/\/api.w.org\/{rel}","templated":true}]}}