{"id":57,"date":"2013-08-28T20:54:32","date_gmt":"2013-08-28T20:54:32","guid":{"rendered":"http:\/\/parcdesheros.org\/?page_id=57"},"modified":"2014-03-14T02:04:35","modified_gmt":"2014-03-14T02:04:35","slug":"nos-partenaires","status":"publish","type":"page","link":"https:\/\/www.heroesparkbeaconsfield.org\/fr\/nos-partenaires\/","title":{"rendered":"Nos partenaires"},"content":{"rendered":"<p><img data-recalc-dims=\"1\" decoding=\"async\" src=\"https:\/\/i0.wp.com\/heroespark.org\/wp-content\/uploads\/2013\/05\/Pompiers-Dorval_1erTrio1LR.jpeg?w=660\" alt=\"Pompiers Dorval Airport Firemen\"  \/><\/p>\n<h4>Au 19 janvier 2014 \u2013 nous avons des engagements pour plus de 152,000 $ par des partenaires corporatifs et priv\u00e9s.<\/h4>\n<p><img data-recalc-dims=\"1\" loading=\"lazy\" decoding=\"async\" src=\"https:\/\/i0.wp.com\/heroespark.org\/wp-content\/uploads\/2013\/05\/fednav-sponsor-page.png?resize=471%2C186\" alt=\"fednav-sponsor-page\" width=\"471\" height=\"186\" class=\"alignnone size-full wp-image-547\" \/><\/p>\n<p>Le Parc des H\u00e9ros \u00e0 Beaconsfield est un sanctuaire, \u00e9tablit afin d\u2019honorer les piliers de nos communaut\u00e9s, ces h\u00e9ros pr\u00e9sents et pass\u00e9s, soit nos soldats, policiers, pompiers premiers r\u00e9pondants et param\u00e9dicaux \u2013 son c\u00e9notaphe am\u00e9nag\u00e9 avec ses bancs et all\u00e9es bord\u00e9es des am\u00e9nagements d\u2019horticulture comm\u00e9more leurs vies.<\/p>\n<p>Fednav esp\u00e8re que les familles et amis de nous h\u00e9ros y trouveront l\u2019inspiration et la s\u00e9r\u00e9nit\u00e9 dans le parc des H\u00e9ros de Beaconsfield, un havre de paix pour ceux qui se sont sacrifi\u00e9s pour notre libert\u00e9, s\u00e9curit\u00e9 et paix.<\/p>\n<p><img data-recalc-dims=\"1\" loading=\"lazy\" decoding=\"async\" src=\"https:\/\/i0.wp.com\/heroespark.org\/wp-content\/uploads\/2013\/05\/task-sponsor-page.png?resize=332%2C186\" alt=\"task-sponsor-page\" width=\"332\" height=\"186\" class=\"alignnone size-full wp-image-548\" \/><\/p>\n<p>TASK consid\u00e8re l\u2019initiative du Comit\u00e9 des H\u00e9ros un vibrant t\u00e9moignage du sacrifice fait par ceux vou\u00e9s au service et \u00e0 la protection du public.<\/p>\n<p>Le c\u00e9notaphe \u00e9rig\u00e9 \u00e0 Beaconsfield aidera la communaut\u00e9 et les g\u00e9n\u00e9rations futures \u00e0 appr\u00e9cier l\u2019importante signification de leurs contributions et sacrifice.<\/p>\n<p><img data-recalc-dims=\"1\" loading=\"lazy\" decoding=\"async\" src=\"https:\/\/i0.wp.com\/heroespark.org\/wp-content\/uploads\/2013\/05\/DSCF0572-768x1024.jpeg?resize=660%2C880\" alt=\"DSCF0572\" width=\"660\" height=\"880\" class=\"aligncenter size-large wp-image-275\" \/><\/p>\n","protected":false},"excerpt":{"rendered":"<p>Au 19 janvier 2014 \u2013 nous avons des engagements pour plus de 152,000 $ par des partenaires corporatifs et priv\u00e9s. Le Parc des H\u00e9ros \u00e0 Beaconsfield est un sanctuaire, \u00e9tablit afin d\u2019honorer les piliers de nos communaut\u00e9s, ces h\u00e9ros pr\u00e9sents et pass\u00e9s, soit nos soldats, policiers, pompiers premiers r\u00e9pondants et &#8230;<\/p>\n","protected":false},"author":1,"featured_media":0,"parent":0,"menu_order":0,"comment_status":"closed","ping_status":"open","template":"","meta":{"jetpack_post_was_ever_published":false,"footnotes":""},"class_list":["post-57","page","type-page","status-publish","hentry","column","twocol"],"jetpack_shortlink":"https:\/\/wp.me\/P3DNsS-V","jetpack_sharing_enabled":true,"_links":{"self":[{"href":"https:\/\/www.heroesparkbeaconsfield.org\/fr\/wp-json\/wp\/v2\/pages\/57","targetHints":{"allow":["GET"]}}],"collection":[{"href":"https:\/\/www.heroesparkbeaconsfield.org\/fr\/wp-json\/wp\/v2\/pages"}],"about":[{"href":"https:\/\/www.heroesparkbeaconsfield.org\/fr\/wp-json\/wp\/v2\/types\/page"}],"author":[{"embeddable":true,"href":"https:\/\/www.heroesparkbeaconsfield.org\/fr\/wp-json\/wp\/v2\/users\/1"}],"replies":[{"embeddable":true,"href":"https:\/\/www.heroesparkbeaconsfield.org\/fr\/wp-json\/wp\/v2\/comments?post=57"}],"version-history":[{"count":9,"href":"https:\/\/www.heroesparkbeaconsfield.org\/fr\/wp-json\/wp\/v2\/pages\/57\/revisions"}],"predecessor-version":[{"id":274,"href":"https:\/\/www.heroesparkbeaconsfield.org\/fr\/wp-json\/wp\/v2\/pages\/57\/revisions\/274"}],"wp:attachment":[{"href":"https:\/\/www.heroesparkbeaconsfield.org\/fr\/wp-json\/wp\/v2\/media?parent=57"}],"curies":[{"name":"wp","href":"https:\/\/api.w.org\/{rel}","templated":true}]}}