{"id":59,"date":"2013-08-28T21:12:19","date_gmt":"2013-08-28T21:12:19","guid":{"rendered":"http:\/\/parcdesheros.org\/?page_id=59"},"modified":"2013-09-27T19:41:30","modified_gmt":"2013-09-27T19:41:30","slug":"opportunites-pour-partenaires","status":"publish","type":"page","link":"https:\/\/www.heroesparkbeaconsfield.org\/fr\/comment-puis-je-appuyer\/opportunites-pour-partenaires\/","title":{"rendered":"Opportunit\u00e9s pour partenaires"},"content":{"rendered":"<p><strong>15,000 $<\/strong><br \/>\nNiveau prestige \u2013 Platine <em>(<strong>Atteint<\/strong>)<\/em><\/p>\n<ul>\n<li>Sigle de la compagnie de grand format grav\u00e9 en permanence sur le monument des partenaires situ\u00e9 dans le parc des h\u00e9ros<\/li>\n<li>Reconnaissance d\u2019\u00eatre l\u2019un des deux partenaires de niveau prestige \u2013 platine sur toutes les communications et aux m\u00e9dias lorsque lorsque convenable<\/li>\n<li>Reconnaissance similaire sur le site web<\/li>\n<li>Certificat encadr\u00e9 de couleur platine attestant votre engagement de niveau prestige au projet du C\u00e9notaphe<\/li>\n<li>Participation aux activit\u00e9 VIP et r\u00e9ceptions pr\u00e9-comm\u00e9moration<\/li>\n<li>Invitation \u00e0 la section VIP lors de la comm\u00e9moration avec une opportunit\u00e9 de faire une allocution de quelques minutes aux dignitaires et au grand public sur le pourquoi de votre engagement au projet du C\u00e9notaphe<\/li>\n<\/ul>\n<p><strong>10,000 $<\/strong><br \/>\nNiveau Or (2)<\/p>\n<ul>\n<li>Sigle de la compagnie grav\u00e9 en permanence sur le monument des partenaires situ\u00e9 dans le parc des h\u00e9ros<\/li>\n<li>Reconnaissance d\u2019\u00eatre l\u2019un des deux partenaires de niveau Or sur toutes les communications et aux m\u00e9dias lorsque convenable<\/li>\n<li>Reconnaissance similaire sur le site web<\/li>\n<li>Certificat encadr\u00e9 de couleur dor\u00e9e attestant votre engagement de niveau OR au projet du C\u00e9notaphe<\/li>\n<li>Invitation aux activit\u00e9 VIP et r\u00e9ceptions pr\u00e9-comm\u00e9moration<\/li>\n<li>Invitation \u00e0 la section VIP lors de la comm\u00e9moration du C\u00e9notaphe<\/li>\n<\/ul>\n<p><strong>7,500 $<\/strong><br \/>\nNiveau Argent (4)<\/p>\n<ul>\n<li>Sigle de la compagnie grav\u00e9 en permanence sur le monument des partenaires situ\u00e9 dans le parc des h\u00e9ros<\/li>\n<li>Reconnaissance d\u2019\u00eatre l\u2019un des quatre partenaires de niveau Argent sur toutes les communications et aux m\u00e9dias lorsque convenable<\/li>\n<li>Reconnaissance similaire sur le site web<\/li>\n<li>Certificat encadr\u00e9 de couleur argent attestant votre engagement de niveau Argent au projet du C\u00e9notaphe<\/li>\n<li>Invitation \u00e0 la section VIP lors de la comm\u00e9moration du C\u00e9notaphe<\/li>\n<\/ul>\n<p><strong>5,000 $<\/strong><br \/>\nNiveau Bronze (6)<\/p>\n<ul>\n<li>Sigle de la compagnie grav\u00e9 en permanence dans le parc des h\u00e9ros<\/li>\n<li>Reconnaissance d\u2019\u00eatre l\u2019un des six partenaires de niveau Bronze sur toutes les communications et aux m\u00e9dias lorsque convenable<\/li>\n<li>Reconnaissance similaire sur le site web<\/li>\n<li>Certificat encadr\u00e9 de couleur bronze attestant votre engagement de niveau Bronze au projet du C\u00e9notaphe<\/li>\n<li>Invitation \u00e0 la section VIP lors de la comm\u00e9moration du C\u00e9notaphe.<\/li>\n<\/ul>\n<p><strong>2,500 $<\/strong><br \/>\nPartenaire communautaire senior (10)<\/p>\n<ul>\n<li>Sigle de la compagnie grav\u00e9 en permanence dans le parc des h\u00e9ros<\/li>\n<li>Reconnaissance d\u2019\u00eatre l\u2019un des dix partenaires de niveau Partenaire communautaire senior sur toutes les communications et aux m\u00e9dias lorsque convenable<\/li>\n<li>Reconnaissance de votre appui sur le site web<\/li>\n<li>Certificat encadr\u00e9 attestant votre engagement au projet du C\u00e9notaphe comm\u00e9moratif &#8211; Parc des H\u00e9ros<\/li>\n<li>Invitation lors de la comm\u00e9moration du C\u00e9notaphe<\/li>\n<\/ul>\n<p><strong>1,000 $<\/strong><br \/>\nPartenaire communautaire<\/p>\n<ul>\n<li>Reconnaissance de votre appui sur le site web<\/li>\n<li>Certificat encadr\u00e9 attestant votre engagement au projet du C\u00e9notaphe comm\u00e9moratif &#8211; Parc des H\u00e9ros<\/li>\n<li>Invitation lors de la comm\u00e9moration du C\u00e9notaphe<\/li>\n<\/ul>\n<p><img data-recalc-dims=\"1\" loading=\"lazy\" decoding=\"async\" src=\"https:\/\/i0.wp.com\/heroespark.org\/wp-content\/uploads\/2013\/05\/Jan-20-Roto-8-016-267x300.jpeg?resize=267%2C300\" alt=\"Jan 20 Roto 8 016\" width=\"267\" height=\"300\" class=\"aligncenter size-medium wp-image-277\" \/><\/p>\n","protected":false},"excerpt":{"rendered":"<p>15,000 $ Niveau prestige \u2013 Platine (Atteint) Sigle de la compagnie de grand format grav\u00e9 en permanence sur le monument des partenaires situ\u00e9 dans le parc des h\u00e9ros Reconnaissance d\u2019\u00eatre l\u2019un des deux partenaires de niveau prestige \u2013 platine sur toutes les communications et aux m\u00e9dias lorsque lorsque convenable Reconnaissance &#8230;<\/p>\n","protected":false},"author":1,"featured_media":0,"parent":45,"menu_order":0,"comment_status":"closed","ping_status":"open","template":"","meta":{"jetpack_post_was_ever_published":false,"footnotes":""},"class_list":["post-59","page","type-page","status-publish","hentry","column","twocol"],"jetpack_shortlink":"https:\/\/wp.me\/P3DNsS-X","jetpack_sharing_enabled":true,"_links":{"self":[{"href":"https:\/\/www.heroesparkbeaconsfield.org\/fr\/wp-json\/wp\/v2\/pages\/59","targetHints":{"allow":["GET"]}}],"collection":[{"href":"https:\/\/www.heroesparkbeaconsfield.org\/fr\/wp-json\/wp\/v2\/pages"}],"about":[{"href":"https:\/\/www.heroesparkbeaconsfield.org\/fr\/wp-json\/wp\/v2\/types\/page"}],"author":[{"embeddable":true,"href":"https:\/\/www.heroesparkbeaconsfield.org\/fr\/wp-json\/wp\/v2\/users\/1"}],"replies":[{"embeddable":true,"href":"https:\/\/www.heroesparkbeaconsfield.org\/fr\/wp-json\/wp\/v2\/comments?post=59"}],"version-history":[{"count":4,"href":"https:\/\/www.heroesparkbeaconsfield.org\/fr\/wp-json\/wp\/v2\/pages\/59\/revisions"}],"predecessor-version":[{"id":108,"href":"https:\/\/www.heroesparkbeaconsfield.org\/fr\/wp-json\/wp\/v2\/pages\/59\/revisions\/108"}],"up":[{"embeddable":true,"href":"https:\/\/www.heroesparkbeaconsfield.org\/fr\/wp-json\/wp\/v2\/pages\/45"}],"wp:attachment":[{"href":"https:\/\/www.heroesparkbeaconsfield.org\/fr\/wp-json\/wp\/v2\/media?parent=59"}],"curies":[{"name":"wp","href":"https:\/\/api.w.org\/{rel}","templated":true}]}}