{"id":63,"date":"2013-08-28T21:24:27","date_gmt":"2013-08-28T21:24:27","guid":{"rendered":"http:\/\/parcdesheros.org\/?page_id=63"},"modified":"2020-03-31T15:32:53","modified_gmt":"2020-03-31T15:32:53","slug":"nous-joindre","status":"publish","type":"page","link":"https:\/\/www.heroesparkbeaconsfield.org\/fr\/nous-joindre\/","title":{"rendered":"Nous joindre"},"content":{"rendered":"<p><img data-recalc-dims=\"1\" loading=\"lazy\" decoding=\"async\" data-attachment-id=\"168\" data-permalink=\"https:\/\/www.heroesparkbeaconsfield.org\/fr\/photos-de-la-conference-de-presse-2\/dsc_0511\/\" data-orig-file=\"https:\/\/i0.wp.com\/www.heroesparkbeaconsfield.org\/fr\/wp-content\/uploads\/2013\/10\/DSC_0511.jpg?fit=1200%2C800&amp;ssl=1\" data-orig-size=\"1200,800\" data-comments-opened=\"1\" data-image-meta=\"{&quot;aperture&quot;:&quot;0&quot;,&quot;credit&quot;:&quot;&quot;,&quot;camera&quot;:&quot;&quot;,&quot;caption&quot;:&quot;&quot;,&quot;created_timestamp&quot;:&quot;0&quot;,&quot;copyright&quot;:&quot;&quot;,&quot;focal_length&quot;:&quot;0&quot;,&quot;iso&quot;:&quot;0&quot;,&quot;shutter_speed&quot;:&quot;0&quot;,&quot;title&quot;:&quot;&quot;}\" data-image-title=\"DSC_0511\" data-image-description=\"\" data-image-caption=\"\" data-medium-file=\"https:\/\/i0.wp.com\/www.heroesparkbeaconsfield.org\/fr\/wp-content\/uploads\/2013\/10\/DSC_0511.jpg?fit=300%2C200&amp;ssl=1\" data-large-file=\"https:\/\/i0.wp.com\/www.heroesparkbeaconsfield.org\/fr\/wp-content\/uploads\/2013\/10\/DSC_0511.jpg?fit=660%2C440&amp;ssl=1\" class=\"alignright size-large wp-image-168\" src=\"https:\/\/i0.wp.com\/heroespark.org\/wp-content\/uploads\/2013\/06\/AR2009-0040-37-1024x682.jpg?resize=660%2C439\" alt=\"AR2009-0040-37\" width=\"660\" height=\"439\" \/><\/p>\n<p><strong>Comit\u00e9 des H\u00e9ros<\/strong><br \/>\nAtt : Maj Richard Gratton, Pr\u00e9sident<\/p>\n<p>Courriel: <a href=\"mailto:parcherosbeaconsfield@gmail.com\">parcherosbeaconsfield@gmail.com<\/a><\/p>\n<p>T\u00e9l\u00e9phone: (514) 775-2793<\/p>\n<p>SVP, libeller les ch\u00e8ques \u00e0 l\u2019ordre de Comit\u00e9 des H\u00e9ros (<em>Organisme sans but lucratif &#8211; Qu\u00e9bec #1168205087<\/em>).<\/p>\n","protected":false},"excerpt":{"rendered":"<p>Comit\u00e9 des H\u00e9ros Att : Maj Richard Gratton, Pr\u00e9sident Courriel: parcherosbeaconsfield@gmail.com T\u00e9l\u00e9phone: (514) 775-2793 SVP, libeller les ch\u00e8ques \u00e0 l\u2019ordre de Comit\u00e9 des H\u00e9ros (Organisme sans but lucratif &#8211; Qu\u00e9bec #1168205087).<\/p>\n","protected":false},"author":1,"featured_media":0,"parent":0,"menu_order":0,"comment_status":"closed","ping_status":"open","template":"","meta":{"jetpack_post_was_ever_published":false,"footnotes":""},"class_list":["post-63","page","type-page","status-publish","hentry","column","twocol"],"jetpack_shortlink":"https:\/\/wp.me\/P3DNsS-11","jetpack_sharing_enabled":true,"_links":{"self":[{"href":"https:\/\/www.heroesparkbeaconsfield.org\/fr\/wp-json\/wp\/v2\/pages\/63","targetHints":{"allow":["GET"]}}],"collection":[{"href":"https:\/\/www.heroesparkbeaconsfield.org\/fr\/wp-json\/wp\/v2\/pages"}],"about":[{"href":"https:\/\/www.heroesparkbeaconsfield.org\/fr\/wp-json\/wp\/v2\/types\/page"}],"author":[{"embeddable":true,"href":"https:\/\/www.heroesparkbeaconsfield.org\/fr\/wp-json\/wp\/v2\/users\/1"}],"replies":[{"embeddable":true,"href":"https:\/\/www.heroesparkbeaconsfield.org\/fr\/wp-json\/wp\/v2\/comments?post=63"}],"version-history":[{"count":7,"href":"https:\/\/www.heroesparkbeaconsfield.org\/fr\/wp-json\/wp\/v2\/pages\/63\/revisions"}],"predecessor-version":[{"id":444,"href":"https:\/\/www.heroesparkbeaconsfield.org\/fr\/wp-json\/wp\/v2\/pages\/63\/revisions\/444"}],"wp:attachment":[{"href":"https:\/\/www.heroesparkbeaconsfield.org\/fr\/wp-json\/wp\/v2\/media?parent=63"}],"curies":[{"name":"wp","href":"https:\/\/api.w.org\/{rel}","templated":true}]}}